{"id":9672,"date":"2017-09-18T12:31:36","date_gmt":"2017-09-18T10:31:36","guid":{"rendered":"https:\/\/hemslojdeniskanesbutik.se\/produkt\/kugghjulskransar\/"},"modified":"2017-09-18T12:31:36","modified_gmt":"2017-09-18T10:31:36","slug":"kugghjulskransar","status":"publish","type":"product","link":"https:\/\/hemslojdeniskanesbutik.se\/en\/produkt\/kugghjulskransar\/","title":{"rendered":"Kugghjulskransar"},"content":{"rendered":"<p>\u00c5kdyna from the early 19th century, marked PID. The cushion belongs to a large group of cushions from Vemmenh\u00f6g with similar motifs. They have cog-wheel wreaths with varied motifs in the middle: roosters, lions, or different flowers. The original can be found at Svaneholm Castle. Embroidered using one-sided satin stitch, stem stitch, French knots, latticework, and long-and-short stitch.  <\/p>\n<p>The materials package contains: pre-drawn wool fabric, wool yarn, a paper pattern, a color image, stitch descriptions, and a needle.<\/p>\n<p>Fabric for the backing is not included but broadcloth and wadmal can be ordered from our shop. Fabric for the tassels is not included, we suggest you reuse old textiles or order small remnants of broadcloth and wadmal from us.<\/p>\n","protected":false},"excerpt":{"rendered":"<p>Storlek: 42 x 85 cm<br \/>\nPriset avser material.<\/p>\n","protected":false},"featured_media":9447,"template":"","meta":{"_kad_blocks_custom_css":"","_kad_blocks_head_custom_js":"","_kad_blocks_body_custom_js":"","_kad_blocks_footer_custom_js":"","_kad_post_transparent":"","_kad_post_title":"","_kad_post_layout":"","_kad_post_sidebar_id":"","_kad_post_content_style":"","_kad_post_vertical_padding":"","_kad_post_feature":"","_kad_post_feature_position":"","_kad_post_header":false,"_kad_post_footer":false,"_kad_post_classname":""},"product_brand":[],"product_cat":[905],"product_tag":[],"class_list":{"0":"post-9672","1":"product","2":"type-product","3":"status-publish","4":"has-post-thumbnail","6":"product_cat-carriage-cushions-material-kits","8":"first","9":"instock","10":"taxable","11":"shipping-taxable","12":"purchasable","13":"product-type-simple","14":"entry","15":"content-bg","16":"loop-entry"},"yoast_head":"<!-- This site is optimized with the Yoast SEO plugin v27.5 - https:\/\/yoast.com\/product\/yoast-seo-wordpress\/ -->\n<title>Kugghjulskransar - Hemsl\u00f6jden i Sk\u00e5nes butik<\/title>\n<meta name=\"robots\" content=\"index, follow, max-snippet:-1, max-image-preview:large, max-video-preview:-1\" \/>\n<link rel=\"canonical\" href=\"https:\/\/hemslojdeniskanesbutik.se\/en\/produkt\/kugghjulskransar\/\" \/>\n<meta property=\"og:locale\" content=\"en_US\" \/>\n<meta property=\"og:type\" content=\"article\" \/>\n<meta property=\"og:title\" content=\"Kugghjulskransar - Hemsl\u00f6jden i Sk\u00e5nes butik\" \/>\n<meta property=\"og:description\" content=\"Storlek: 42 x 85 cm Priset avser material.\" \/>\n<meta property=\"og:url\" content=\"https:\/\/hemslojdeniskanesbutik.se\/en\/produkt\/kugghjulskransar\/\" \/>\n<meta property=\"og:site_name\" content=\"Hemsl\u00f6jden i Sk\u00e5nes butik\" \/>\n<meta property=\"article:publisher\" content=\"http:\/\/facebook.com\/hemslojdenskaneAB\" \/>\n<meta property=\"og:image\" content=\"https:\/\/hemslojdeniskanesbutik.se\/wp-content\/uploads\/2017\/09\/S-95-Akdyna-red-scaled.jpg\" \/>\n\t<meta property=\"og:image:width\" content=\"2560\" \/>\n\t<meta property=\"og:image:height\" content=\"2560\" \/>\n\t<meta property=\"og:image:type\" content=\"image\/jpeg\" \/>\n<meta name=\"twitter:card\" content=\"summary_large_image\" \/>\n<meta name=\"twitter:label1\" content=\"Est. reading time\" \/>\n\t<meta name=\"twitter:data1\" content=\"1 minute\" \/>\n<script type=\"application\/ld+json\" class=\"yoast-schema-graph\">{\"@context\":\"https:\\\/\\\/schema.org\",\"@graph\":[{\"@type\":\"WebPage\",\"@id\":\"https:\\\/\\\/hemslojdeniskanesbutik.se\\\/en\\\/produkt\\\/kugghjulskransar\\\/\",\"url\":\"https:\\\/\\\/hemslojdeniskanesbutik.se\\\/en\\\/produkt\\\/kugghjulskransar\\\/\",\"name\":\"Kugghjulskransar - Hemsl\u00f6jden i Sk\u00e5nes butik\",\"isPartOf\":{\"@id\":\"https:\\\/\\\/hemslojdeniskanesbutik.se\\\/en\\\/#website\"},\"primaryImageOfPage\":{\"@id\":\"https:\\\/\\\/hemslojdeniskanesbutik.se\\\/en\\\/produkt\\\/kugghjulskransar\\\/#primaryimage\"},\"image\":{\"@id\":\"https:\\\/\\\/hemslojdeniskanesbutik.se\\\/en\\\/produkt\\\/kugghjulskransar\\\/#primaryimage\"},\"thumbnailUrl\":\"https:\\\/\\\/hemslojdeniskanesbutik.se\\\/wp-content\\\/uploads\\\/2017\\\/09\\\/S-95-Akdyna-red-scaled.jpg\",\"datePublished\":\"2017-09-18T10:31:36+00:00\",\"breadcrumb\":{\"@id\":\"https:\\\/\\\/hemslojdeniskanesbutik.se\\\/en\\\/produkt\\\/kugghjulskransar\\\/#breadcrumb\"},\"inLanguage\":\"en-US\",\"potentialAction\":[{\"@type\":\"ReadAction\",\"target\":[\"https:\\\/\\\/hemslojdeniskanesbutik.se\\\/en\\\/produkt\\\/kugghjulskransar\\\/\"]}]},{\"@type\":\"ImageObject\",\"inLanguage\":\"en-US\",\"@id\":\"https:\\\/\\\/hemslojdeniskanesbutik.se\\\/en\\\/produkt\\\/kugghjulskransar\\\/#primaryimage\",\"url\":\"https:\\\/\\\/hemslojdeniskanesbutik.se\\\/wp-content\\\/uploads\\\/2017\\\/09\\\/S-95-Akdyna-red-scaled.jpg\",\"contentUrl\":\"https:\\\/\\\/hemslojdeniskanesbutik.se\\\/wp-content\\\/uploads\\\/2017\\\/09\\\/S-95-Akdyna-red-scaled.jpg\",\"width\":2560,\"height\":2560},{\"@type\":\"BreadcrumbList\",\"@id\":\"https:\\\/\\\/hemslojdeniskanesbutik.se\\\/en\\\/produkt\\\/kugghjulskransar\\\/#breadcrumb\",\"itemListElement\":[{\"@type\":\"ListItem\",\"position\":1,\"name\":\"Start\",\"item\":\"https:\\\/\\\/hemslojdeniskanesbutik.se\\\/en\\\/\"},{\"@type\":\"ListItem\",\"position\":2,\"name\":\"Shop\",\"item\":\"https:\\\/\\\/hemslojdeniskanesbutik.se\\\/en\\\/shop\\\/\"},{\"@type\":\"ListItem\",\"position\":3,\"name\":\"Kugghjulskransar\"}]},{\"@type\":\"WebSite\",\"@id\":\"https:\\\/\\\/hemslojdeniskanesbutik.se\\\/en\\\/#website\",\"url\":\"https:\\\/\\\/hemslojdeniskanesbutik.se\\\/en\\\/\",\"name\":\"Hemsl\u00f6jden i Sk\u00e5nes butik\",\"description\":\"Hemsl\u00f6jden i Sk\u00e5nes butik\",\"publisher\":{\"@id\":\"https:\\\/\\\/hemslojdeniskanesbutik.se\\\/en\\\/#organization\"},\"potentialAction\":[{\"@type\":\"SearchAction\",\"target\":{\"@type\":\"EntryPoint\",\"urlTemplate\":\"https:\\\/\\\/hemslojdeniskanesbutik.se\\\/en\\\/?s={search_term_string}\"},\"query-input\":{\"@type\":\"PropertyValueSpecification\",\"valueRequired\":true,\"valueName\":\"search_term_string\"}}],\"inLanguage\":\"en-US\"},{\"@type\":\"Organization\",\"@id\":\"https:\\\/\\\/hemslojdeniskanesbutik.se\\\/en\\\/#organization\",\"name\":\"Hemsl\u00f6jden i Sk\u00e5nes butik\",\"url\":\"https:\\\/\\\/hemslojdeniskanesbutik.se\\\/en\\\/\",\"logo\":{\"@type\":\"ImageObject\",\"inLanguage\":\"en-US\",\"@id\":\"https:\\\/\\\/hemslojdeniskanesbutik.se\\\/en\\\/#\\\/schema\\\/logo\\\/image\\\/\",\"url\":\"https:\\\/\\\/hemslojdeniskanesbutik.se\\\/wp-content\\\/uploads\\\/2021\\\/03\\\/hemslojden_logotyp_liggande_positiv_farg_rgb_highres.png\",\"contentUrl\":\"https:\\\/\\\/hemslojdeniskanesbutik.se\\\/wp-content\\\/uploads\\\/2021\\\/03\\\/hemslojden_logotyp_liggande_positiv_farg_rgb_highres.png\",\"width\":2737,\"height\":641,\"caption\":\"Hemsl\u00f6jden i Sk\u00e5nes butik\"},\"image\":{\"@id\":\"https:\\\/\\\/hemslojdeniskanesbutik.se\\\/en\\\/#\\\/schema\\\/logo\\\/image\\\/\"},\"sameAs\":[\"http:\\\/\\\/facebook.com\\\/hemslojdenskaneAB\",\"http:\\\/\\\/youtube.com\\\/slojdiskane\",\"https:\\\/\\\/www.instagram.com\\\/hemslojdeniskane\"]}]}<\/script>\n<!-- \/ Yoast SEO plugin. -->","yoast_head_json":{"title":"Kugghjulskransar - Hemsl\u00f6jden i Sk\u00e5nes butik","robots":{"index":"index","follow":"follow","max-snippet":"max-snippet:-1","max-image-preview":"max-image-preview:large","max-video-preview":"max-video-preview:-1"},"canonical":"https:\/\/hemslojdeniskanesbutik.se\/en\/produkt\/kugghjulskransar\/","og_locale":"en_US","og_type":"article","og_title":"Kugghjulskransar - Hemsl\u00f6jden i Sk\u00e5nes butik","og_description":"Storlek: 42 x 85 cm Priset avser material.","og_url":"https:\/\/hemslojdeniskanesbutik.se\/en\/produkt\/kugghjulskransar\/","og_site_name":"Hemsl\u00f6jden i Sk\u00e5nes butik","article_publisher":"http:\/\/facebook.com\/hemslojdenskaneAB","og_image":[{"width":2560,"height":2560,"url":"https:\/\/hemslojdeniskanesbutik.se\/wp-content\/uploads\/2017\/09\/S-95-Akdyna-red-scaled.jpg","type":"image\/jpeg"}],"twitter_card":"summary_large_image","twitter_misc":{"Est. reading time":"1 minute"},"schema":{"@context":"https:\/\/schema.org","@graph":[{"@type":"WebPage","@id":"https:\/\/hemslojdeniskanesbutik.se\/en\/produkt\/kugghjulskransar\/","url":"https:\/\/hemslojdeniskanesbutik.se\/en\/produkt\/kugghjulskransar\/","name":"Kugghjulskransar - Hemsl\u00f6jden i Sk\u00e5nes butik","isPartOf":{"@id":"https:\/\/hemslojdeniskanesbutik.se\/en\/#website"},"primaryImageOfPage":{"@id":"https:\/\/hemslojdeniskanesbutik.se\/en\/produkt\/kugghjulskransar\/#primaryimage"},"image":{"@id":"https:\/\/hemslojdeniskanesbutik.se\/en\/produkt\/kugghjulskransar\/#primaryimage"},"thumbnailUrl":"https:\/\/hemslojdeniskanesbutik.se\/wp-content\/uploads\/2017\/09\/S-95-Akdyna-red-scaled.jpg","datePublished":"2017-09-18T10:31:36+00:00","breadcrumb":{"@id":"https:\/\/hemslojdeniskanesbutik.se\/en\/produkt\/kugghjulskransar\/#breadcrumb"},"inLanguage":"en-US","potentialAction":[{"@type":"ReadAction","target":["https:\/\/hemslojdeniskanesbutik.se\/en\/produkt\/kugghjulskransar\/"]}]},{"@type":"ImageObject","inLanguage":"en-US","@id":"https:\/\/hemslojdeniskanesbutik.se\/en\/produkt\/kugghjulskransar\/#primaryimage","url":"https:\/\/hemslojdeniskanesbutik.se\/wp-content\/uploads\/2017\/09\/S-95-Akdyna-red-scaled.jpg","contentUrl":"https:\/\/hemslojdeniskanesbutik.se\/wp-content\/uploads\/2017\/09\/S-95-Akdyna-red-scaled.jpg","width":2560,"height":2560},{"@type":"BreadcrumbList","@id":"https:\/\/hemslojdeniskanesbutik.se\/en\/produkt\/kugghjulskransar\/#breadcrumb","itemListElement":[{"@type":"ListItem","position":1,"name":"Start","item":"https:\/\/hemslojdeniskanesbutik.se\/en\/"},{"@type":"ListItem","position":2,"name":"Shop","item":"https:\/\/hemslojdeniskanesbutik.se\/en\/shop\/"},{"@type":"ListItem","position":3,"name":"Kugghjulskransar"}]},{"@type":"WebSite","@id":"https:\/\/hemslojdeniskanesbutik.se\/en\/#website","url":"https:\/\/hemslojdeniskanesbutik.se\/en\/","name":"Hemsl\u00f6jden i Sk\u00e5nes butik","description":"Hemsl\u00f6jden i Sk\u00e5nes butik","publisher":{"@id":"https:\/\/hemslojdeniskanesbutik.se\/en\/#organization"},"potentialAction":[{"@type":"SearchAction","target":{"@type":"EntryPoint","urlTemplate":"https:\/\/hemslojdeniskanesbutik.se\/en\/?s={search_term_string}"},"query-input":{"@type":"PropertyValueSpecification","valueRequired":true,"valueName":"search_term_string"}}],"inLanguage":"en-US"},{"@type":"Organization","@id":"https:\/\/hemslojdeniskanesbutik.se\/en\/#organization","name":"Hemsl\u00f6jden i Sk\u00e5nes butik","url":"https:\/\/hemslojdeniskanesbutik.se\/en\/","logo":{"@type":"ImageObject","inLanguage":"en-US","@id":"https:\/\/hemslojdeniskanesbutik.se\/en\/#\/schema\/logo\/image\/","url":"https:\/\/hemslojdeniskanesbutik.se\/wp-content\/uploads\/2021\/03\/hemslojden_logotyp_liggande_positiv_farg_rgb_highres.png","contentUrl":"https:\/\/hemslojdeniskanesbutik.se\/wp-content\/uploads\/2021\/03\/hemslojden_logotyp_liggande_positiv_farg_rgb_highres.png","width":2737,"height":641,"caption":"Hemsl\u00f6jden i Sk\u00e5nes butik"},"image":{"@id":"https:\/\/hemslojdeniskanesbutik.se\/en\/#\/schema\/logo\/image\/"},"sameAs":["http:\/\/facebook.com\/hemslojdenskaneAB","http:\/\/youtube.com\/slojdiskane","https:\/\/www.instagram.com\/hemslojdeniskane"]}]}},"taxonomy_info":{"product_cat":[{"value":905,"label":"Carriage cushions"}]},"featured_image_src_large":["https:\/\/hemslojdeniskanesbutik.se\/wp-content\/uploads\/2017\/09\/S-95-Akdyna-red-1024x1024.jpg",1024,1024,true],"author_info":[],"comment_info":"","_links":{"self":[{"href":"https:\/\/hemslojdeniskanesbutik.se\/en\/wp-json\/wp\/v2\/product\/9672","targetHints":{"allow":["GET"]}}],"collection":[{"href":"https:\/\/hemslojdeniskanesbutik.se\/en\/wp-json\/wp\/v2\/product"}],"about":[{"href":"https:\/\/hemslojdeniskanesbutik.se\/en\/wp-json\/wp\/v2\/types\/product"}],"wp:featuredmedia":[{"embeddable":true,"href":"https:\/\/hemslojdeniskanesbutik.se\/en\/wp-json\/wp\/v2\/media\/9447"}],"wp:attachment":[{"href":"https:\/\/hemslojdeniskanesbutik.se\/en\/wp-json\/wp\/v2\/media?parent=9672"}],"wp:term":[{"taxonomy":"product_brand","embeddable":true,"href":"https:\/\/hemslojdeniskanesbutik.se\/en\/wp-json\/wp\/v2\/product_brand?post=9672"},{"taxonomy":"product_cat","embeddable":true,"href":"https:\/\/hemslojdeniskanesbutik.se\/en\/wp-json\/wp\/v2\/product_cat?post=9672"},{"taxonomy":"product_tag","embeddable":true,"href":"https:\/\/hemslojdeniskanesbutik.se\/en\/wp-json\/wp\/v2\/product_tag?post=9672"}],"curies":[{"name":"wp","href":"https:\/\/api.w.org\/{rel}","templated":true}]}}