{"id":13050,"date":"2025-03-28T14:23:50","date_gmt":"2025-03-28T13:23:50","guid":{"rendered":"https:\/\/hemslojdeniskanesbutik.se\/?post_type=product&#038;p=13050"},"modified":"2025-08-23T10:55:28","modified_gmt":"2025-08-23T08:55:28","slug":"tra-snickerihandbok-for-inredning-och-odling","status":"publish","type":"product","link":"https:\/\/hemslojdeniskanesbutik.se\/en\/produkt\/tra-snickerihandbok-for-inredning-och-odling\/","title":{"rendered":"TR\u00c4 &#8211; snickerihandbok f\u00f6r inredning och odling"},"content":{"rendered":"<p>I Tr\u00e4 l\u00e4r du dig de grundl\u00e4ggande snickerikunskaper som beh\u00f6vs f\u00f6r att kunna inreda hemmet med personliga och vackra bruksf\u00f6rem\u00e5l. Med utg\u00e5ngspunkt i bokens 20 projekt, anpassade f\u00f6r dig som kanske inte r\u00f6rt en s\u00e5g sedan tr\u00e4sl\u00f6jden, guidas du steg f\u00f6r steg igenom de tekniker som g\u00f6r dig till v\u00e4n med s\u00e5gar, hyvlar, tvingar och st\u00e4mj\u00e4rn.<\/p>\n<p>Boken inneh\u00e5ller praktisk br\u00e4dg\u00e5rdskunskap, det vill s\u00e4ga hur man v\u00e4ljer bra tr\u00e4slag och virkets egenskaper, en verktygsgenomg\u00e5ng med tonvikt p\u00e5 handverktyg, samt metoderna som anv\u00e4nds f\u00f6r att m\u00e4ta, s\u00e5ga, hyvla, sammanfoga, t\u00e4lja och ytbehandla p\u00e5 ett s\u00e4tt som g\u00f6r att du \u00f6ppnar upp m\u00f6jligheten till att snickeri f\u00f6r hemmet blir en rolig och givande hobby.<\/p>\n<p>Bland projekten finns k\u00f6ksf\u00f6rem\u00e5l som kryddhylla, knivst\u00e4ll, sk\u00e4rbr\u00e4da och \u00f6rttork, inredningsf\u00f6rem\u00e5l som prylhylla, pall, knopplist, bokst\u00f6d och balkongb\u00e4nk. F\u00f6r den odlingsintresserade finns blombord, odlingsb\u00e4nkar, v\u00e4xtspalj\u00e9er och annat, b\u00e5de f\u00f6r inomhus- och utomhusmilj\u00f6er. Alla projekt \u00e4r pedagogiskt illustrerade och sv\u00e5righetsniv\u00e5nanpassad efter l\u00e4sare som inte har stor vana av att arbeta med tr\u00e4, men som gillar materialets organiska k\u00e4nsla och uttryck.<\/p>\n<p>Moa Br\u00e4nnstr\u00f6m Ott frilansar som finsnickare och arbetar mest med specialritade m\u00f6bler och objekt till bland annat restauranger och konstn\u00e4rer. Ofta arbetar hon tillsammans med formgivare, framf\u00f6rallt designgruppen Uglycute. Hon haren examen fr\u00e5n Capellag\u00e5rdens utbildning i m\u00f6belsnickeri.<\/p>\n","protected":false},"excerpt":{"rendered":"<p>F\u00f6rfattare: Moa Br\u00e4nnstr\u00f6m Ott<br \/>\nUtgiven: 2017<br \/>\nAntal sidor: 175 s<\/p>\n","protected":false},"featured_media":13051,"template":"","meta":{"_kad_blocks_custom_css":"","_kad_blocks_head_custom_js":"","_kad_blocks_body_custom_js":"","_kad_blocks_footer_custom_js":"","_kad_post_transparent":"default","_kad_post_title":"","_kad_post_layout":"default","_kad_post_sidebar_id":"","_kad_post_content_style":"default","_kad_post_vertical_padding":"default","_kad_post_feature":"","_kad_post_feature_position":"","_kad_post_header":false,"_kad_post_footer":false,"_kad_post_classname":""},"product_brand":[],"product_cat":[34],"product_tag":[],"class_list":{"0":"post-13050","1":"product","2":"type-product","3":"status-publish","4":"has-post-thumbnail","6":"product_cat-bocker","8":"first","9":"instock","10":"taxable","11":"shipping-taxable","12":"purchasable","13":"product-type-simple","14":"entry","15":"content-bg","16":"loop-entry"},"yoast_head":"<!-- This site is optimized with the Yoast SEO plugin v27.5 - https:\/\/yoast.com\/product\/yoast-seo-wordpress\/ -->\n<title>TR\u00c4 - snickerihandbok f\u00f6r inredning och odling - Hemsl\u00f6jden i Sk\u00e5nes butik<\/title>\n<meta name=\"robots\" content=\"index, follow, max-snippet:-1, max-image-preview:large, max-video-preview:-1\" \/>\n<link rel=\"canonical\" href=\"https:\/\/hemslojdeniskanesbutik.se\/en\/produkt\/tra-snickerihandbok-for-inredning-och-odling\/\" \/>\n<meta property=\"og:locale\" content=\"en_US\" \/>\n<meta property=\"og:type\" content=\"article\" \/>\n<meta property=\"og:title\" content=\"TR\u00c4 - snickerihandbok f\u00f6r inredning och odling - Hemsl\u00f6jden i Sk\u00e5nes butik\" \/>\n<meta property=\"og:description\" content=\"F\u00f6rfattare: Moa Br\u00e4nnstr\u00f6m Ott Utgiven: 2017 Antal sidor: 175 s\" \/>\n<meta property=\"og:url\" content=\"https:\/\/hemslojdeniskanesbutik.se\/en\/produkt\/tra-snickerihandbok-for-inredning-och-odling\/\" \/>\n<meta property=\"og:site_name\" content=\"Hemsl\u00f6jden i Sk\u00e5nes butik\" \/>\n<meta property=\"article:publisher\" content=\"http:\/\/facebook.com\/hemslojdenskaneAB\" \/>\n<meta property=\"article:modified_time\" content=\"2025-08-23T08:55:28+00:00\" \/>\n<meta property=\"og:image\" content=\"https:\/\/hemslojdeniskanesbutik.se\/wp-content\/uploads\/2025\/03\/TRA_moaott-scaled.jpg\" \/>\n\t<meta property=\"og:image:width\" content=\"1805\" \/>\n\t<meta property=\"og:image:height\" content=\"2560\" \/>\n\t<meta property=\"og:image:type\" content=\"image\/jpeg\" \/>\n<meta name=\"twitter:card\" content=\"summary_large_image\" \/>\n<meta name=\"twitter:label1\" content=\"Est. reading time\" \/>\n\t<meta name=\"twitter:data1\" content=\"2 minutes\" \/>\n<script type=\"application\/ld+json\" class=\"yoast-schema-graph\">{\"@context\":\"https:\\\/\\\/schema.org\",\"@graph\":[{\"@type\":\"WebPage\",\"@id\":\"https:\\\/\\\/hemslojdeniskanesbutik.se\\\/en\\\/produkt\\\/tra-snickerihandbok-for-inredning-och-odling\\\/\",\"url\":\"https:\\\/\\\/hemslojdeniskanesbutik.se\\\/en\\\/produkt\\\/tra-snickerihandbok-for-inredning-och-odling\\\/\",\"name\":\"TR\u00c4 - snickerihandbok f\u00f6r inredning och odling - Hemsl\u00f6jden i Sk\u00e5nes butik\",\"isPartOf\":{\"@id\":\"https:\\\/\\\/hemslojdeniskanesbutik.se\\\/en\\\/#website\"},\"primaryImageOfPage\":{\"@id\":\"https:\\\/\\\/hemslojdeniskanesbutik.se\\\/en\\\/produkt\\\/tra-snickerihandbok-for-inredning-och-odling\\\/#primaryimage\"},\"image\":{\"@id\":\"https:\\\/\\\/hemslojdeniskanesbutik.se\\\/en\\\/produkt\\\/tra-snickerihandbok-for-inredning-och-odling\\\/#primaryimage\"},\"thumbnailUrl\":\"https:\\\/\\\/hemslojdeniskanesbutik.se\\\/wp-content\\\/uploads\\\/2025\\\/03\\\/TRA_moaott-scaled.jpg\",\"datePublished\":\"2025-03-28T13:23:50+00:00\",\"dateModified\":\"2025-08-23T08:55:28+00:00\",\"breadcrumb\":{\"@id\":\"https:\\\/\\\/hemslojdeniskanesbutik.se\\\/en\\\/produkt\\\/tra-snickerihandbok-for-inredning-och-odling\\\/#breadcrumb\"},\"inLanguage\":\"en-US\",\"potentialAction\":[{\"@type\":\"ReadAction\",\"target\":[\"https:\\\/\\\/hemslojdeniskanesbutik.se\\\/en\\\/produkt\\\/tra-snickerihandbok-for-inredning-och-odling\\\/\"]}]},{\"@type\":\"ImageObject\",\"inLanguage\":\"en-US\",\"@id\":\"https:\\\/\\\/hemslojdeniskanesbutik.se\\\/en\\\/produkt\\\/tra-snickerihandbok-for-inredning-och-odling\\\/#primaryimage\",\"url\":\"https:\\\/\\\/hemslojdeniskanesbutik.se\\\/wp-content\\\/uploads\\\/2025\\\/03\\\/TRA_moaott-scaled.jpg\",\"contentUrl\":\"https:\\\/\\\/hemslojdeniskanesbutik.se\\\/wp-content\\\/uploads\\\/2025\\\/03\\\/TRA_moaott-scaled.jpg\",\"width\":1805,\"height\":2560,\"caption\":\"LEADTOOLS v19.0\"},{\"@type\":\"BreadcrumbList\",\"@id\":\"https:\\\/\\\/hemslojdeniskanesbutik.se\\\/en\\\/produkt\\\/tra-snickerihandbok-for-inredning-och-odling\\\/#breadcrumb\",\"itemListElement\":[{\"@type\":\"ListItem\",\"position\":1,\"name\":\"Start\",\"item\":\"https:\\\/\\\/hemslojdeniskanesbutik.se\\\/en\\\/\"},{\"@type\":\"ListItem\",\"position\":2,\"name\":\"Shop\",\"item\":\"https:\\\/\\\/hemslojdeniskanesbutik.se\\\/en\\\/shop\\\/\"},{\"@type\":\"ListItem\",\"position\":3,\"name\":\"Books\",\"item\":\"https:\\\/\\\/hemslojdeniskanesbutik.se\\\/en\\\/product-category\\\/books\\\/\"},{\"@type\":\"ListItem\",\"position\":4,\"name\":\"TR\u00c4 &#8211; snickerihandbok f\u00f6r inredning och odling\"}]},{\"@type\":\"WebSite\",\"@id\":\"https:\\\/\\\/hemslojdeniskanesbutik.se\\\/en\\\/#website\",\"url\":\"https:\\\/\\\/hemslojdeniskanesbutik.se\\\/en\\\/\",\"name\":\"Hemsl\u00f6jden i Sk\u00e5nes butik\",\"description\":\"Hemsl\u00f6jden i Sk\u00e5nes butik\",\"publisher\":{\"@id\":\"https:\\\/\\\/hemslojdeniskanesbutik.se\\\/en\\\/#organization\"},\"potentialAction\":[{\"@type\":\"SearchAction\",\"target\":{\"@type\":\"EntryPoint\",\"urlTemplate\":\"https:\\\/\\\/hemslojdeniskanesbutik.se\\\/en\\\/?s={search_term_string}\"},\"query-input\":{\"@type\":\"PropertyValueSpecification\",\"valueRequired\":true,\"valueName\":\"search_term_string\"}}],\"inLanguage\":\"en-US\"},{\"@type\":\"Organization\",\"@id\":\"https:\\\/\\\/hemslojdeniskanesbutik.se\\\/en\\\/#organization\",\"name\":\"Hemsl\u00f6jden i Sk\u00e5nes butik\",\"url\":\"https:\\\/\\\/hemslojdeniskanesbutik.se\\\/en\\\/\",\"logo\":{\"@type\":\"ImageObject\",\"inLanguage\":\"en-US\",\"@id\":\"https:\\\/\\\/hemslojdeniskanesbutik.se\\\/en\\\/#\\\/schema\\\/logo\\\/image\\\/\",\"url\":\"https:\\\/\\\/hemslojdeniskanesbutik.se\\\/wp-content\\\/uploads\\\/2021\\\/03\\\/hemslojden_logotyp_liggande_positiv_farg_rgb_highres.png\",\"contentUrl\":\"https:\\\/\\\/hemslojdeniskanesbutik.se\\\/wp-content\\\/uploads\\\/2021\\\/03\\\/hemslojden_logotyp_liggande_positiv_farg_rgb_highres.png\",\"width\":2737,\"height\":641,\"caption\":\"Hemsl\u00f6jden i Sk\u00e5nes butik\"},\"image\":{\"@id\":\"https:\\\/\\\/hemslojdeniskanesbutik.se\\\/en\\\/#\\\/schema\\\/logo\\\/image\\\/\"},\"sameAs\":[\"http:\\\/\\\/facebook.com\\\/hemslojdenskaneAB\",\"http:\\\/\\\/youtube.com\\\/slojdiskane\",\"https:\\\/\\\/www.instagram.com\\\/hemslojdeniskane\"]}]}<\/script>\n<!-- \/ Yoast SEO plugin. -->","yoast_head_json":{"title":"TR\u00c4 - snickerihandbok f\u00f6r inredning och odling - Hemsl\u00f6jden i Sk\u00e5nes butik","robots":{"index":"index","follow":"follow","max-snippet":"max-snippet:-1","max-image-preview":"max-image-preview:large","max-video-preview":"max-video-preview:-1"},"canonical":"https:\/\/hemslojdeniskanesbutik.se\/en\/produkt\/tra-snickerihandbok-for-inredning-och-odling\/","og_locale":"en_US","og_type":"article","og_title":"TR\u00c4 - snickerihandbok f\u00f6r inredning och odling - Hemsl\u00f6jden i Sk\u00e5nes butik","og_description":"F\u00f6rfattare: Moa Br\u00e4nnstr\u00f6m Ott Utgiven: 2017 Antal sidor: 175 s","og_url":"https:\/\/hemslojdeniskanesbutik.se\/en\/produkt\/tra-snickerihandbok-for-inredning-och-odling\/","og_site_name":"Hemsl\u00f6jden i Sk\u00e5nes butik","article_publisher":"http:\/\/facebook.com\/hemslojdenskaneAB","article_modified_time":"2025-08-23T08:55:28+00:00","og_image":[{"width":1805,"height":2560,"url":"https:\/\/hemslojdeniskanesbutik.se\/wp-content\/uploads\/2025\/03\/TRA_moaott-scaled.jpg","type":"image\/jpeg"}],"twitter_card":"summary_large_image","twitter_misc":{"Est. reading time":"2 minutes"},"schema":{"@context":"https:\/\/schema.org","@graph":[{"@type":"WebPage","@id":"https:\/\/hemslojdeniskanesbutik.se\/en\/produkt\/tra-snickerihandbok-for-inredning-och-odling\/","url":"https:\/\/hemslojdeniskanesbutik.se\/en\/produkt\/tra-snickerihandbok-for-inredning-och-odling\/","name":"TR\u00c4 - snickerihandbok f\u00f6r inredning och odling - Hemsl\u00f6jden i Sk\u00e5nes butik","isPartOf":{"@id":"https:\/\/hemslojdeniskanesbutik.se\/en\/#website"},"primaryImageOfPage":{"@id":"https:\/\/hemslojdeniskanesbutik.se\/en\/produkt\/tra-snickerihandbok-for-inredning-och-odling\/#primaryimage"},"image":{"@id":"https:\/\/hemslojdeniskanesbutik.se\/en\/produkt\/tra-snickerihandbok-for-inredning-och-odling\/#primaryimage"},"thumbnailUrl":"https:\/\/hemslojdeniskanesbutik.se\/wp-content\/uploads\/2025\/03\/TRA_moaott-scaled.jpg","datePublished":"2025-03-28T13:23:50+00:00","dateModified":"2025-08-23T08:55:28+00:00","breadcrumb":{"@id":"https:\/\/hemslojdeniskanesbutik.se\/en\/produkt\/tra-snickerihandbok-for-inredning-och-odling\/#breadcrumb"},"inLanguage":"en-US","potentialAction":[{"@type":"ReadAction","target":["https:\/\/hemslojdeniskanesbutik.se\/en\/produkt\/tra-snickerihandbok-for-inredning-och-odling\/"]}]},{"@type":"ImageObject","inLanguage":"en-US","@id":"https:\/\/hemslojdeniskanesbutik.se\/en\/produkt\/tra-snickerihandbok-for-inredning-och-odling\/#primaryimage","url":"https:\/\/hemslojdeniskanesbutik.se\/wp-content\/uploads\/2025\/03\/TRA_moaott-scaled.jpg","contentUrl":"https:\/\/hemslojdeniskanesbutik.se\/wp-content\/uploads\/2025\/03\/TRA_moaott-scaled.jpg","width":1805,"height":2560,"caption":"LEADTOOLS v19.0"},{"@type":"BreadcrumbList","@id":"https:\/\/hemslojdeniskanesbutik.se\/en\/produkt\/tra-snickerihandbok-for-inredning-och-odling\/#breadcrumb","itemListElement":[{"@type":"ListItem","position":1,"name":"Start","item":"https:\/\/hemslojdeniskanesbutik.se\/en\/"},{"@type":"ListItem","position":2,"name":"Shop","item":"https:\/\/hemslojdeniskanesbutik.se\/en\/shop\/"},{"@type":"ListItem","position":3,"name":"Books","item":"https:\/\/hemslojdeniskanesbutik.se\/en\/product-category\/books\/"},{"@type":"ListItem","position":4,"name":"TR\u00c4 &#8211; snickerihandbok f\u00f6r inredning och odling"}]},{"@type":"WebSite","@id":"https:\/\/hemslojdeniskanesbutik.se\/en\/#website","url":"https:\/\/hemslojdeniskanesbutik.se\/en\/","name":"Hemsl\u00f6jden i Sk\u00e5nes butik","description":"Hemsl\u00f6jden i Sk\u00e5nes butik","publisher":{"@id":"https:\/\/hemslojdeniskanesbutik.se\/en\/#organization"},"potentialAction":[{"@type":"SearchAction","target":{"@type":"EntryPoint","urlTemplate":"https:\/\/hemslojdeniskanesbutik.se\/en\/?s={search_term_string}"},"query-input":{"@type":"PropertyValueSpecification","valueRequired":true,"valueName":"search_term_string"}}],"inLanguage":"en-US"},{"@type":"Organization","@id":"https:\/\/hemslojdeniskanesbutik.se\/en\/#organization","name":"Hemsl\u00f6jden i Sk\u00e5nes butik","url":"https:\/\/hemslojdeniskanesbutik.se\/en\/","logo":{"@type":"ImageObject","inLanguage":"en-US","@id":"https:\/\/hemslojdeniskanesbutik.se\/en\/#\/schema\/logo\/image\/","url":"https:\/\/hemslojdeniskanesbutik.se\/wp-content\/uploads\/2021\/03\/hemslojden_logotyp_liggande_positiv_farg_rgb_highres.png","contentUrl":"https:\/\/hemslojdeniskanesbutik.se\/wp-content\/uploads\/2021\/03\/hemslojden_logotyp_liggande_positiv_farg_rgb_highres.png","width":2737,"height":641,"caption":"Hemsl\u00f6jden i Sk\u00e5nes butik"},"image":{"@id":"https:\/\/hemslojdeniskanesbutik.se\/en\/#\/schema\/logo\/image\/"},"sameAs":["http:\/\/facebook.com\/hemslojdenskaneAB","http:\/\/youtube.com\/slojdiskane","https:\/\/www.instagram.com\/hemslojdeniskane"]}]}},"taxonomy_info":{"product_cat":[{"value":34,"label":"B\u00f6cker"}]},"featured_image_src_large":["https:\/\/hemslojdeniskanesbutik.se\/wp-content\/uploads\/2025\/03\/TRA_moaott-722x1024.jpg",722,1024,true],"author_info":[],"comment_info":"","_links":{"self":[{"href":"https:\/\/hemslojdeniskanesbutik.se\/en\/wp-json\/wp\/v2\/product\/13050","targetHints":{"allow":["GET"]}}],"collection":[{"href":"https:\/\/hemslojdeniskanesbutik.se\/en\/wp-json\/wp\/v2\/product"}],"about":[{"href":"https:\/\/hemslojdeniskanesbutik.se\/en\/wp-json\/wp\/v2\/types\/product"}],"wp:featuredmedia":[{"embeddable":true,"href":"https:\/\/hemslojdeniskanesbutik.se\/en\/wp-json\/wp\/v2\/media\/13051"}],"wp:attachment":[{"href":"https:\/\/hemslojdeniskanesbutik.se\/en\/wp-json\/wp\/v2\/media?parent=13050"}],"wp:term":[{"taxonomy":"product_brand","embeddable":true,"href":"https:\/\/hemslojdeniskanesbutik.se\/en\/wp-json\/wp\/v2\/product_brand?post=13050"},{"taxonomy":"product_cat","embeddable":true,"href":"https:\/\/hemslojdeniskanesbutik.se\/en\/wp-json\/wp\/v2\/product_cat?post=13050"},{"taxonomy":"product_tag","embeddable":true,"href":"https:\/\/hemslojdeniskanesbutik.se\/en\/wp-json\/wp\/v2\/product_tag?post=13050"}],"curies":[{"name":"wp","href":"https:\/\/api.w.org\/{rel}","templated":true}]}}