{"id":12933,"date":"2025-03-22T11:21:17","date_gmt":"2025-03-22T10:21:17","guid":{"rendered":"https:\/\/hemslojdeniskanesbutik.se\/?post_type=product&#038;p=12933"},"modified":"2025-03-22T11:50:37","modified_gmt":"2025-03-22T10:50:37","slug":"den-bla-elefanten-kopia","status":"publish","type":"product","link":"https:\/\/hemslojdeniskanesbutik.se\/en\/produkt\/den-bla-elefanten-kopia\/","title":{"rendered":"Den bl\u00e5 elefanten &#8211; without yarn"},"content":{"rendered":"<p>The original embroidery is in the collections at the Nordic Museum. There is an image of this cushion in the book Decorative Embroidery of Country Houses by Gertrud Granander-Nyberg, accompanied by a detailed and interesting text about the motif and how this exotic animal, with a bridal party on its back, ended up on an \u00e5kdyna made in Sk\u00e5ne. ATTN: This material package is a bit different than our others. It only includes fabric with a pre-drawn pattern, needle, and color images of the embroidery and the original cushion, no description of the stitches and colors. You can choose to order with or without yarn. We suggest you embroidery freely and choose which stitches you prefer, inspired by the images. The fabric is dark brown, yarn for the fringe is not included but can be purchased separately from our shop. <\/p>\n","protected":false},"excerpt":{"rendered":"<p>Den bl\u00e5 elefanten, without yarn<\/p>\n<p>Size: 45 x 47 cm<\/p>\n<p>Price is for materials<\/p>\n","protected":false},"featured_media":9533,"template":"","meta":{"_kad_blocks_custom_css":"","_kad_blocks_head_custom_js":"","_kad_blocks_body_custom_js":"","_kad_blocks_footer_custom_js":"","_kad_post_transparent":"default","_kad_post_title":"","_kad_post_layout":"default","_kad_post_sidebar_id":"","_kad_post_content_style":"default","_kad_post_vertical_padding":"default","_kad_post_feature":"","_kad_post_feature_position":"","_kad_post_header":false,"_kad_post_footer":false,"_kad_post_classname":""},"product_brand":[],"product_cat":[901],"product_tag":[],"class_list":{"0":"post-12933","1":"product","2":"type-product","3":"status-publish","4":"has-post-thumbnail","6":"product_cat-cushions-en","8":"first","9":"instock","10":"taxable","11":"shipping-taxable","12":"purchasable","13":"product-type-variable","14":"entry","15":"content-bg","16":"loop-entry"},"yoast_head":"<!-- This site is optimized with the Yoast SEO plugin v27.5 - https:\/\/yoast.com\/product\/yoast-seo-wordpress\/ -->\n<title>Den bl\u00e5 elefanten - without yarn - Hemsl\u00f6jden i Sk\u00e5nes butik<\/title>\n<meta name=\"robots\" content=\"index, follow, max-snippet:-1, max-image-preview:large, max-video-preview:-1\" \/>\n<link rel=\"canonical\" href=\"https:\/\/hemslojdeniskanesbutik.se\/en\/produkt\/den-bla-elefanten-kopia\/\" \/>\n<meta property=\"og:locale\" content=\"en_US\" \/>\n<meta property=\"og:type\" content=\"article\" \/>\n<meta property=\"og:title\" content=\"Den bl\u00e5 elefanten - without yarn - Hemsl\u00f6jden i Sk\u00e5nes butik\" \/>\n<meta property=\"og:description\" content=\"Den bl\u00e5 elefanten, without yarn  Size: 45 x 47 cm  Price is for materials\" \/>\n<meta property=\"og:url\" content=\"https:\/\/hemslojdeniskanesbutik.se\/en\/produkt\/den-bla-elefanten-kopia\/\" \/>\n<meta property=\"og:site_name\" content=\"Hemsl\u00f6jden i Sk\u00e5nes butik\" \/>\n<meta property=\"article:publisher\" content=\"http:\/\/facebook.com\/hemslojdenskaneAB\" \/>\n<meta property=\"article:modified_time\" content=\"2025-03-22T10:50:37+00:00\" \/>\n<meta property=\"og:image\" content=\"https:\/\/hemslojdeniskanesbutik.se\/wp-content\/uploads\/2017\/09\/S-123-Elefant-red-scaled.jpg\" \/>\n\t<meta property=\"og:image:width\" content=\"2560\" \/>\n\t<meta property=\"og:image:height\" content=\"2560\" \/>\n\t<meta property=\"og:image:type\" content=\"image\/jpeg\" \/>\n<meta name=\"twitter:card\" content=\"summary_large_image\" \/>\n<meta name=\"twitter:label1\" content=\"Est. reading time\" \/>\n\t<meta name=\"twitter:data1\" content=\"1 minute\" \/>\n<script type=\"application\/ld+json\" class=\"yoast-schema-graph\">{\"@context\":\"https:\\\/\\\/schema.org\",\"@graph\":[{\"@type\":\"WebPage\",\"@id\":\"https:\\\/\\\/hemslojdeniskanesbutik.se\\\/en\\\/produkt\\\/den-bla-elefanten-kopia\\\/\",\"url\":\"https:\\\/\\\/hemslojdeniskanesbutik.se\\\/en\\\/produkt\\\/den-bla-elefanten-kopia\\\/\",\"name\":\"Den bl\u00e5 elefanten - without yarn - Hemsl\u00f6jden i Sk\u00e5nes butik\",\"isPartOf\":{\"@id\":\"https:\\\/\\\/hemslojdeniskanesbutik.se\\\/en\\\/#website\"},\"primaryImageOfPage\":{\"@id\":\"https:\\\/\\\/hemslojdeniskanesbutik.se\\\/en\\\/produkt\\\/den-bla-elefanten-kopia\\\/#primaryimage\"},\"image\":{\"@id\":\"https:\\\/\\\/hemslojdeniskanesbutik.se\\\/en\\\/produkt\\\/den-bla-elefanten-kopia\\\/#primaryimage\"},\"thumbnailUrl\":\"https:\\\/\\\/hemslojdeniskanesbutik.se\\\/wp-content\\\/uploads\\\/2017\\\/09\\\/S-123-Elefant-red-scaled.jpg\",\"datePublished\":\"2025-03-22T10:21:17+00:00\",\"dateModified\":\"2025-03-22T10:50:37+00:00\",\"breadcrumb\":{\"@id\":\"https:\\\/\\\/hemslojdeniskanesbutik.se\\\/en\\\/produkt\\\/den-bla-elefanten-kopia\\\/#breadcrumb\"},\"inLanguage\":\"en-US\",\"potentialAction\":[{\"@type\":\"ReadAction\",\"target\":[\"https:\\\/\\\/hemslojdeniskanesbutik.se\\\/en\\\/produkt\\\/den-bla-elefanten-kopia\\\/\"]}]},{\"@type\":\"ImageObject\",\"inLanguage\":\"en-US\",\"@id\":\"https:\\\/\\\/hemslojdeniskanesbutik.se\\\/en\\\/produkt\\\/den-bla-elefanten-kopia\\\/#primaryimage\",\"url\":\"https:\\\/\\\/hemslojdeniskanesbutik.se\\\/wp-content\\\/uploads\\\/2017\\\/09\\\/S-123-Elefant-red-scaled.jpg\",\"contentUrl\":\"https:\\\/\\\/hemslojdeniskanesbutik.se\\\/wp-content\\\/uploads\\\/2017\\\/09\\\/S-123-Elefant-red-scaled.jpg\",\"width\":2560,\"height\":2560},{\"@type\":\"BreadcrumbList\",\"@id\":\"https:\\\/\\\/hemslojdeniskanesbutik.se\\\/en\\\/produkt\\\/den-bla-elefanten-kopia\\\/#breadcrumb\",\"itemListElement\":[{\"@type\":\"ListItem\",\"position\":1,\"name\":\"Start\",\"item\":\"https:\\\/\\\/hemslojdeniskanesbutik.se\\\/en\\\/\"},{\"@type\":\"ListItem\",\"position\":2,\"name\":\"Shop\",\"item\":\"https:\\\/\\\/hemslojdeniskanesbutik.se\\\/en\\\/shop\\\/\"},{\"@type\":\"ListItem\",\"position\":3,\"name\":\"Material kits\",\"item\":\"https:\\\/\\\/hemslojdeniskanesbutik.se\\\/en\\\/product-category\\\/material-kits\\\/\"},{\"@type\":\"ListItem\",\"position\":4,\"name\":\"Embroidery\",\"item\":\"https:\\\/\\\/hemslojdeniskanesbutik.se\\\/en\\\/product-category\\\/material-kits\\\/embroidery\\\/\"},{\"@type\":\"ListItem\",\"position\":5,\"name\":\"Wool embroidery\",\"item\":\"https:\\\/\\\/hemslojdeniskanesbutik.se\\\/en\\\/product-category\\\/material-kits\\\/embroidery\\\/wool-embroidery\\\/\"},{\"@type\":\"ListItem\",\"position\":6,\"name\":\"Cushions\",\"item\":\"https:\\\/\\\/hemslojdeniskanesbutik.se\\\/en\\\/product-category\\\/material-kits\\\/embroidery\\\/wool-embroidery\\\/cushions-en\\\/\"},{\"@type\":\"ListItem\",\"position\":7,\"name\":\"Den bl\u00e5 elefanten &#8211; without yarn\"}]},{\"@type\":\"WebSite\",\"@id\":\"https:\\\/\\\/hemslojdeniskanesbutik.se\\\/en\\\/#website\",\"url\":\"https:\\\/\\\/hemslojdeniskanesbutik.se\\\/en\\\/\",\"name\":\"Hemsl\u00f6jden i Sk\u00e5nes butik\",\"description\":\"Hemsl\u00f6jden i Sk\u00e5nes butik\",\"publisher\":{\"@id\":\"https:\\\/\\\/hemslojdeniskanesbutik.se\\\/en\\\/#organization\"},\"potentialAction\":[{\"@type\":\"SearchAction\",\"target\":{\"@type\":\"EntryPoint\",\"urlTemplate\":\"https:\\\/\\\/hemslojdeniskanesbutik.se\\\/en\\\/?s={search_term_string}\"},\"query-input\":{\"@type\":\"PropertyValueSpecification\",\"valueRequired\":true,\"valueName\":\"search_term_string\"}}],\"inLanguage\":\"en-US\"},{\"@type\":\"Organization\",\"@id\":\"https:\\\/\\\/hemslojdeniskanesbutik.se\\\/en\\\/#organization\",\"name\":\"Hemsl\u00f6jden i Sk\u00e5nes butik\",\"url\":\"https:\\\/\\\/hemslojdeniskanesbutik.se\\\/en\\\/\",\"logo\":{\"@type\":\"ImageObject\",\"inLanguage\":\"en-US\",\"@id\":\"https:\\\/\\\/hemslojdeniskanesbutik.se\\\/en\\\/#\\\/schema\\\/logo\\\/image\\\/\",\"url\":\"https:\\\/\\\/hemslojdeniskanesbutik.se\\\/wp-content\\\/uploads\\\/2021\\\/03\\\/hemslojden_logotyp_liggande_positiv_farg_rgb_highres.png\",\"contentUrl\":\"https:\\\/\\\/hemslojdeniskanesbutik.se\\\/wp-content\\\/uploads\\\/2021\\\/03\\\/hemslojden_logotyp_liggande_positiv_farg_rgb_highres.png\",\"width\":2737,\"height\":641,\"caption\":\"Hemsl\u00f6jden i Sk\u00e5nes butik\"},\"image\":{\"@id\":\"https:\\\/\\\/hemslojdeniskanesbutik.se\\\/en\\\/#\\\/schema\\\/logo\\\/image\\\/\"},\"sameAs\":[\"http:\\\/\\\/facebook.com\\\/hemslojdenskaneAB\",\"http:\\\/\\\/youtube.com\\\/slojdiskane\",\"https:\\\/\\\/www.instagram.com\\\/hemslojdeniskane\"]}]}<\/script>\n<!-- \/ Yoast SEO plugin. -->","yoast_head_json":{"title":"Den bl\u00e5 elefanten - without yarn - Hemsl\u00f6jden i Sk\u00e5nes butik","robots":{"index":"index","follow":"follow","max-snippet":"max-snippet:-1","max-image-preview":"max-image-preview:large","max-video-preview":"max-video-preview:-1"},"canonical":"https:\/\/hemslojdeniskanesbutik.se\/en\/produkt\/den-bla-elefanten-kopia\/","og_locale":"en_US","og_type":"article","og_title":"Den bl\u00e5 elefanten - without yarn - Hemsl\u00f6jden i Sk\u00e5nes butik","og_description":"Den bl\u00e5 elefanten, without yarn  Size: 45 x 47 cm  Price is for materials","og_url":"https:\/\/hemslojdeniskanesbutik.se\/en\/produkt\/den-bla-elefanten-kopia\/","og_site_name":"Hemsl\u00f6jden i Sk\u00e5nes butik","article_publisher":"http:\/\/facebook.com\/hemslojdenskaneAB","article_modified_time":"2025-03-22T10:50:37+00:00","og_image":[{"width":2560,"height":2560,"url":"https:\/\/hemslojdeniskanesbutik.se\/wp-content\/uploads\/2017\/09\/S-123-Elefant-red-scaled.jpg","type":"image\/jpeg"}],"twitter_card":"summary_large_image","twitter_misc":{"Est. reading time":"1 minute"},"schema":{"@context":"https:\/\/schema.org","@graph":[{"@type":"WebPage","@id":"https:\/\/hemslojdeniskanesbutik.se\/en\/produkt\/den-bla-elefanten-kopia\/","url":"https:\/\/hemslojdeniskanesbutik.se\/en\/produkt\/den-bla-elefanten-kopia\/","name":"Den bl\u00e5 elefanten - without yarn - Hemsl\u00f6jden i Sk\u00e5nes butik","isPartOf":{"@id":"https:\/\/hemslojdeniskanesbutik.se\/en\/#website"},"primaryImageOfPage":{"@id":"https:\/\/hemslojdeniskanesbutik.se\/en\/produkt\/den-bla-elefanten-kopia\/#primaryimage"},"image":{"@id":"https:\/\/hemslojdeniskanesbutik.se\/en\/produkt\/den-bla-elefanten-kopia\/#primaryimage"},"thumbnailUrl":"https:\/\/hemslojdeniskanesbutik.se\/wp-content\/uploads\/2017\/09\/S-123-Elefant-red-scaled.jpg","datePublished":"2025-03-22T10:21:17+00:00","dateModified":"2025-03-22T10:50:37+00:00","breadcrumb":{"@id":"https:\/\/hemslojdeniskanesbutik.se\/en\/produkt\/den-bla-elefanten-kopia\/#breadcrumb"},"inLanguage":"en-US","potentialAction":[{"@type":"ReadAction","target":["https:\/\/hemslojdeniskanesbutik.se\/en\/produkt\/den-bla-elefanten-kopia\/"]}]},{"@type":"ImageObject","inLanguage":"en-US","@id":"https:\/\/hemslojdeniskanesbutik.se\/en\/produkt\/den-bla-elefanten-kopia\/#primaryimage","url":"https:\/\/hemslojdeniskanesbutik.se\/wp-content\/uploads\/2017\/09\/S-123-Elefant-red-scaled.jpg","contentUrl":"https:\/\/hemslojdeniskanesbutik.se\/wp-content\/uploads\/2017\/09\/S-123-Elefant-red-scaled.jpg","width":2560,"height":2560},{"@type":"BreadcrumbList","@id":"https:\/\/hemslojdeniskanesbutik.se\/en\/produkt\/den-bla-elefanten-kopia\/#breadcrumb","itemListElement":[{"@type":"ListItem","position":1,"name":"Start","item":"https:\/\/hemslojdeniskanesbutik.se\/en\/"},{"@type":"ListItem","position":2,"name":"Shop","item":"https:\/\/hemslojdeniskanesbutik.se\/en\/shop\/"},{"@type":"ListItem","position":3,"name":"Material kits","item":"https:\/\/hemslojdeniskanesbutik.se\/en\/product-category\/material-kits\/"},{"@type":"ListItem","position":4,"name":"Embroidery","item":"https:\/\/hemslojdeniskanesbutik.se\/en\/product-category\/material-kits\/embroidery\/"},{"@type":"ListItem","position":5,"name":"Wool embroidery","item":"https:\/\/hemslojdeniskanesbutik.se\/en\/product-category\/material-kits\/embroidery\/wool-embroidery\/"},{"@type":"ListItem","position":6,"name":"Cushions","item":"https:\/\/hemslojdeniskanesbutik.se\/en\/product-category\/material-kits\/embroidery\/wool-embroidery\/cushions-en\/"},{"@type":"ListItem","position":7,"name":"Den bl\u00e5 elefanten &#8211; without yarn"}]},{"@type":"WebSite","@id":"https:\/\/hemslojdeniskanesbutik.se\/en\/#website","url":"https:\/\/hemslojdeniskanesbutik.se\/en\/","name":"Hemsl\u00f6jden i Sk\u00e5nes butik","description":"Hemsl\u00f6jden i Sk\u00e5nes butik","publisher":{"@id":"https:\/\/hemslojdeniskanesbutik.se\/en\/#organization"},"potentialAction":[{"@type":"SearchAction","target":{"@type":"EntryPoint","urlTemplate":"https:\/\/hemslojdeniskanesbutik.se\/en\/?s={search_term_string}"},"query-input":{"@type":"PropertyValueSpecification","valueRequired":true,"valueName":"search_term_string"}}],"inLanguage":"en-US"},{"@type":"Organization","@id":"https:\/\/hemslojdeniskanesbutik.se\/en\/#organization","name":"Hemsl\u00f6jden i Sk\u00e5nes butik","url":"https:\/\/hemslojdeniskanesbutik.se\/en\/","logo":{"@type":"ImageObject","inLanguage":"en-US","@id":"https:\/\/hemslojdeniskanesbutik.se\/en\/#\/schema\/logo\/image\/","url":"https:\/\/hemslojdeniskanesbutik.se\/wp-content\/uploads\/2021\/03\/hemslojden_logotyp_liggande_positiv_farg_rgb_highres.png","contentUrl":"https:\/\/hemslojdeniskanesbutik.se\/wp-content\/uploads\/2021\/03\/hemslojden_logotyp_liggande_positiv_farg_rgb_highres.png","width":2737,"height":641,"caption":"Hemsl\u00f6jden i Sk\u00e5nes butik"},"image":{"@id":"https:\/\/hemslojdeniskanesbutik.se\/en\/#\/schema\/logo\/image\/"},"sameAs":["http:\/\/facebook.com\/hemslojdenskaneAB","http:\/\/youtube.com\/slojdiskane","https:\/\/www.instagram.com\/hemslojdeniskane"]}]}},"taxonomy_info":{"product_cat":[{"value":901,"label":"Cushions"}]},"featured_image_src_large":["https:\/\/hemslojdeniskanesbutik.se\/wp-content\/uploads\/2017\/09\/S-123-Elefant-red-1024x1024.jpg",1024,1024,true],"author_info":[],"comment_info":"","_links":{"self":[{"href":"https:\/\/hemslojdeniskanesbutik.se\/en\/wp-json\/wp\/v2\/product\/12933","targetHints":{"allow":["GET"]}}],"collection":[{"href":"https:\/\/hemslojdeniskanesbutik.se\/en\/wp-json\/wp\/v2\/product"}],"about":[{"href":"https:\/\/hemslojdeniskanesbutik.se\/en\/wp-json\/wp\/v2\/types\/product"}],"wp:featuredmedia":[{"embeddable":true,"href":"https:\/\/hemslojdeniskanesbutik.se\/en\/wp-json\/wp\/v2\/media\/9533"}],"wp:attachment":[{"href":"https:\/\/hemslojdeniskanesbutik.se\/en\/wp-json\/wp\/v2\/media?parent=12933"}],"wp:term":[{"taxonomy":"product_brand","embeddable":true,"href":"https:\/\/hemslojdeniskanesbutik.se\/en\/wp-json\/wp\/v2\/product_brand?post=12933"},{"taxonomy":"product_cat","embeddable":true,"href":"https:\/\/hemslojdeniskanesbutik.se\/en\/wp-json\/wp\/v2\/product_cat?post=12933"},{"taxonomy":"product_tag","embeddable":true,"href":"https:\/\/hemslojdeniskanesbutik.se\/en\/wp-json\/wp\/v2\/product_tag?post=12933"}],"curies":[{"name":"wp","href":"https:\/\/api.w.org\/{rel}","templated":true}]}}