{"id":12756,"date":"2025-03-06T14:22:13","date_gmt":"2025-03-06T13:22:13","guid":{"rendered":"https:\/\/hemslojdeniskanesbutik.se\/?post_type=product&#038;p=12756"},"modified":"2025-03-06T14:22:13","modified_gmt":"2025-03-06T13:22:13","slug":"sticka-nordiskt","status":"publish","type":"product","link":"https:\/\/hemslojdeniskanesbutik.se\/en\/produkt\/sticka-nordiskt\/","title":{"rendered":"Sticka nordiskt"},"content":{"rendered":"<p>I den h\u00e4r boken presenteras en samling m\u00f6nster fr\u00e5n den nordiska stickkonsten. H\u00e4r kan b\u00e5de nyb\u00f6rjare och vana stickare inspireras av traditionella stj\u00e4rnor, hj\u00e4rtan, blommor och renar samt vackra geometriska m\u00f6nster. Varje m\u00f6nster presenteras med handstickade exempel i naturlig storlek tillsammans med tydliga diagram. M\u00e5nga av m\u00f6nstren har dessutom f\u00e4rgdiagram med flera alternativ och f\u00f6rslag. Bokens m\u00f6nster kan kombineras p\u00e5 en rad olika s\u00e4tt i exempelvis tr\u00f6jor, halsdukar och m\u00f6ssor. Dessutom inneh\u00e5ller\u00a0<i>Sticka nordiskt f<\/i>yra sp\u00e4nnande projekt med kompletta beskrivningar som kan inspirera till egna designid\u00e9er.<\/p>\n<p>Olika tekniker f\u00f6r m\u00f6nsterstickning beskrivs steg f\u00f6r steg med tydliga bilder. H\u00e4r f\u00f6rklaras allt du beh\u00f6ver veta om hj\u00e4lpmedel, uppl\u00e4ggning, avmaskning, stickfasthet, garnbyten och mycket, mycket mer.<\/p>\n<p>MARY JANE MUCKLESTONE \u00e4r stickdesigner och k\u00e4nd f\u00f6r sina uppfinningsrika f\u00e4rgm\u00f6nster. Hon har en f\u00f6rk\u00e4rlek f\u00f6r folklig stickning och har rest runt i v\u00e4rlden f\u00f6r att berika sitt handarbete.<\/p>\n","protected":false},"excerpt":{"rendered":"<p>F\u00f6rfattare: Mary Jane Mucklestone<br \/>\nUtgiven: 2020<br \/>\nAntal sidor: 159 s<\/p>\n","protected":false},"featured_media":12757,"template":"","meta":{"_kad_blocks_custom_css":"","_kad_blocks_head_custom_js":"","_kad_blocks_body_custom_js":"","_kad_blocks_footer_custom_js":"","_kad_post_transparent":"default","_kad_post_title":"","_kad_post_layout":"default","_kad_post_sidebar_id":"","_kad_post_content_style":"default","_kad_post_vertical_padding":"default","_kad_post_feature":"","_kad_post_feature_position":"","_kad_post_header":false,"_kad_post_footer":false,"_kad_post_classname":""},"product_brand":[],"product_cat":[34],"product_tag":[],"class_list":{"0":"post-12756","1":"product","2":"type-product","3":"status-publish","4":"has-post-thumbnail","6":"product_cat-bocker","8":"first","9":"instock","10":"taxable","11":"shipping-taxable","12":"purchasable","13":"product-type-simple","14":"entry","15":"content-bg","16":"loop-entry"},"yoast_head":"<!-- This site is optimized with the Yoast SEO plugin v27.5 - https:\/\/yoast.com\/product\/yoast-seo-wordpress\/ -->\n<title>Sticka nordiskt - Hemsl\u00f6jden i Sk\u00e5nes butik<\/title>\n<meta name=\"robots\" content=\"index, follow, max-snippet:-1, max-image-preview:large, max-video-preview:-1\" \/>\n<link rel=\"canonical\" href=\"https:\/\/hemslojdeniskanesbutik.se\/en\/produkt\/sticka-nordiskt\/\" \/>\n<meta property=\"og:locale\" content=\"en_US\" \/>\n<meta property=\"og:type\" content=\"article\" \/>\n<meta property=\"og:title\" content=\"Sticka nordiskt - Hemsl\u00f6jden i Sk\u00e5nes butik\" \/>\n<meta property=\"og:description\" content=\"F\u00f6rfattare: Mary Jane Mucklestone Utgiven: 2020 Antal sidor: 159 s\" \/>\n<meta property=\"og:url\" content=\"https:\/\/hemslojdeniskanesbutik.se\/en\/produkt\/sticka-nordiskt\/\" \/>\n<meta property=\"og:site_name\" content=\"Hemsl\u00f6jden i Sk\u00e5nes butik\" \/>\n<meta property=\"article:publisher\" content=\"http:\/\/facebook.com\/hemslojdenskaneAB\" \/>\n<meta property=\"og:image\" content=\"https:\/\/hemslojdeniskanesbutik.se\/wp-content\/uploads\/2025\/03\/Sticka-nordiskt-1019x1024.jpg\" \/>\n\t<meta property=\"og:image:width\" content=\"1019\" \/>\n\t<meta property=\"og:image:height\" content=\"1024\" \/>\n\t<meta property=\"og:image:type\" content=\"image\/jpeg\" \/>\n<meta name=\"twitter:card\" content=\"summary_large_image\" \/>\n<meta name=\"twitter:label1\" content=\"Est. reading time\" \/>\n\t<meta name=\"twitter:data1\" content=\"1 minute\" \/>\n<script type=\"application\/ld+json\" class=\"yoast-schema-graph\">{\"@context\":\"https:\\\/\\\/schema.org\",\"@graph\":[{\"@type\":\"WebPage\",\"@id\":\"https:\\\/\\\/hemslojdeniskanesbutik.se\\\/en\\\/produkt\\\/sticka-nordiskt\\\/\",\"url\":\"https:\\\/\\\/hemslojdeniskanesbutik.se\\\/en\\\/produkt\\\/sticka-nordiskt\\\/\",\"name\":\"Sticka nordiskt - Hemsl\u00f6jden i Sk\u00e5nes butik\",\"isPartOf\":{\"@id\":\"https:\\\/\\\/hemslojdeniskanesbutik.se\\\/en\\\/#website\"},\"primaryImageOfPage\":{\"@id\":\"https:\\\/\\\/hemslojdeniskanesbutik.se\\\/en\\\/produkt\\\/sticka-nordiskt\\\/#primaryimage\"},\"image\":{\"@id\":\"https:\\\/\\\/hemslojdeniskanesbutik.se\\\/en\\\/produkt\\\/sticka-nordiskt\\\/#primaryimage\"},\"thumbnailUrl\":\"https:\\\/\\\/hemslojdeniskanesbutik.se\\\/wp-content\\\/uploads\\\/2025\\\/03\\\/Sticka-nordiskt.jpg\",\"datePublished\":\"2025-03-06T13:22:13+00:00\",\"breadcrumb\":{\"@id\":\"https:\\\/\\\/hemslojdeniskanesbutik.se\\\/en\\\/produkt\\\/sticka-nordiskt\\\/#breadcrumb\"},\"inLanguage\":\"en-US\",\"potentialAction\":[{\"@type\":\"ReadAction\",\"target\":[\"https:\\\/\\\/hemslojdeniskanesbutik.se\\\/en\\\/produkt\\\/sticka-nordiskt\\\/\"]}]},{\"@type\":\"ImageObject\",\"inLanguage\":\"en-US\",\"@id\":\"https:\\\/\\\/hemslojdeniskanesbutik.se\\\/en\\\/produkt\\\/sticka-nordiskt\\\/#primaryimage\",\"url\":\"https:\\\/\\\/hemslojdeniskanesbutik.se\\\/wp-content\\\/uploads\\\/2025\\\/03\\\/Sticka-nordiskt.jpg\",\"contentUrl\":\"https:\\\/\\\/hemslojdeniskanesbutik.se\\\/wp-content\\\/uploads\\\/2025\\\/03\\\/Sticka-nordiskt.jpg\",\"width\":1763,\"height\":1772},{\"@type\":\"BreadcrumbList\",\"@id\":\"https:\\\/\\\/hemslojdeniskanesbutik.se\\\/en\\\/produkt\\\/sticka-nordiskt\\\/#breadcrumb\",\"itemListElement\":[{\"@type\":\"ListItem\",\"position\":1,\"name\":\"Start\",\"item\":\"https:\\\/\\\/hemslojdeniskanesbutik.se\\\/en\\\/\"},{\"@type\":\"ListItem\",\"position\":2,\"name\":\"Shop\",\"item\":\"https:\\\/\\\/hemslojdeniskanesbutik.se\\\/en\\\/shop\\\/\"},{\"@type\":\"ListItem\",\"position\":3,\"name\":\"Books\",\"item\":\"https:\\\/\\\/hemslojdeniskanesbutik.se\\\/en\\\/product-category\\\/books\\\/\"},{\"@type\":\"ListItem\",\"position\":4,\"name\":\"Sticka nordiskt\"}]},{\"@type\":\"WebSite\",\"@id\":\"https:\\\/\\\/hemslojdeniskanesbutik.se\\\/en\\\/#website\",\"url\":\"https:\\\/\\\/hemslojdeniskanesbutik.se\\\/en\\\/\",\"name\":\"Hemsl\u00f6jden i Sk\u00e5nes butik\",\"description\":\"Hemsl\u00f6jden i Sk\u00e5nes butik\",\"publisher\":{\"@id\":\"https:\\\/\\\/hemslojdeniskanesbutik.se\\\/en\\\/#organization\"},\"potentialAction\":[{\"@type\":\"SearchAction\",\"target\":{\"@type\":\"EntryPoint\",\"urlTemplate\":\"https:\\\/\\\/hemslojdeniskanesbutik.se\\\/en\\\/?s={search_term_string}\"},\"query-input\":{\"@type\":\"PropertyValueSpecification\",\"valueRequired\":true,\"valueName\":\"search_term_string\"}}],\"inLanguage\":\"en-US\"},{\"@type\":\"Organization\",\"@id\":\"https:\\\/\\\/hemslojdeniskanesbutik.se\\\/en\\\/#organization\",\"name\":\"Hemsl\u00f6jden i Sk\u00e5nes butik\",\"url\":\"https:\\\/\\\/hemslojdeniskanesbutik.se\\\/en\\\/\",\"logo\":{\"@type\":\"ImageObject\",\"inLanguage\":\"en-US\",\"@id\":\"https:\\\/\\\/hemslojdeniskanesbutik.se\\\/en\\\/#\\\/schema\\\/logo\\\/image\\\/\",\"url\":\"https:\\\/\\\/hemslojdeniskanesbutik.se\\\/wp-content\\\/uploads\\\/2021\\\/03\\\/hemslojden_logotyp_liggande_positiv_farg_rgb_highres.png\",\"contentUrl\":\"https:\\\/\\\/hemslojdeniskanesbutik.se\\\/wp-content\\\/uploads\\\/2021\\\/03\\\/hemslojden_logotyp_liggande_positiv_farg_rgb_highres.png\",\"width\":2737,\"height\":641,\"caption\":\"Hemsl\u00f6jden i Sk\u00e5nes butik\"},\"image\":{\"@id\":\"https:\\\/\\\/hemslojdeniskanesbutik.se\\\/en\\\/#\\\/schema\\\/logo\\\/image\\\/\"},\"sameAs\":[\"http:\\\/\\\/facebook.com\\\/hemslojdenskaneAB\",\"http:\\\/\\\/youtube.com\\\/slojdiskane\",\"https:\\\/\\\/www.instagram.com\\\/hemslojdeniskane\"]}]}<\/script>\n<!-- \/ Yoast SEO plugin. -->","yoast_head_json":{"title":"Sticka nordiskt - Hemsl\u00f6jden i Sk\u00e5nes butik","robots":{"index":"index","follow":"follow","max-snippet":"max-snippet:-1","max-image-preview":"max-image-preview:large","max-video-preview":"max-video-preview:-1"},"canonical":"https:\/\/hemslojdeniskanesbutik.se\/en\/produkt\/sticka-nordiskt\/","og_locale":"en_US","og_type":"article","og_title":"Sticka nordiskt - Hemsl\u00f6jden i Sk\u00e5nes butik","og_description":"F\u00f6rfattare: Mary Jane Mucklestone Utgiven: 2020 Antal sidor: 159 s","og_url":"https:\/\/hemslojdeniskanesbutik.se\/en\/produkt\/sticka-nordiskt\/","og_site_name":"Hemsl\u00f6jden i Sk\u00e5nes butik","article_publisher":"http:\/\/facebook.com\/hemslojdenskaneAB","og_image":[{"width":1019,"height":1024,"url":"https:\/\/hemslojdeniskanesbutik.se\/wp-content\/uploads\/2025\/03\/Sticka-nordiskt-1019x1024.jpg","type":"image\/jpeg"}],"twitter_card":"summary_large_image","twitter_misc":{"Est. reading time":"1 minute"},"schema":{"@context":"https:\/\/schema.org","@graph":[{"@type":"WebPage","@id":"https:\/\/hemslojdeniskanesbutik.se\/en\/produkt\/sticka-nordiskt\/","url":"https:\/\/hemslojdeniskanesbutik.se\/en\/produkt\/sticka-nordiskt\/","name":"Sticka nordiskt - Hemsl\u00f6jden i Sk\u00e5nes butik","isPartOf":{"@id":"https:\/\/hemslojdeniskanesbutik.se\/en\/#website"},"primaryImageOfPage":{"@id":"https:\/\/hemslojdeniskanesbutik.se\/en\/produkt\/sticka-nordiskt\/#primaryimage"},"image":{"@id":"https:\/\/hemslojdeniskanesbutik.se\/en\/produkt\/sticka-nordiskt\/#primaryimage"},"thumbnailUrl":"https:\/\/hemslojdeniskanesbutik.se\/wp-content\/uploads\/2025\/03\/Sticka-nordiskt.jpg","datePublished":"2025-03-06T13:22:13+00:00","breadcrumb":{"@id":"https:\/\/hemslojdeniskanesbutik.se\/en\/produkt\/sticka-nordiskt\/#breadcrumb"},"inLanguage":"en-US","potentialAction":[{"@type":"ReadAction","target":["https:\/\/hemslojdeniskanesbutik.se\/en\/produkt\/sticka-nordiskt\/"]}]},{"@type":"ImageObject","inLanguage":"en-US","@id":"https:\/\/hemslojdeniskanesbutik.se\/en\/produkt\/sticka-nordiskt\/#primaryimage","url":"https:\/\/hemslojdeniskanesbutik.se\/wp-content\/uploads\/2025\/03\/Sticka-nordiskt.jpg","contentUrl":"https:\/\/hemslojdeniskanesbutik.se\/wp-content\/uploads\/2025\/03\/Sticka-nordiskt.jpg","width":1763,"height":1772},{"@type":"BreadcrumbList","@id":"https:\/\/hemslojdeniskanesbutik.se\/en\/produkt\/sticka-nordiskt\/#breadcrumb","itemListElement":[{"@type":"ListItem","position":1,"name":"Start","item":"https:\/\/hemslojdeniskanesbutik.se\/en\/"},{"@type":"ListItem","position":2,"name":"Shop","item":"https:\/\/hemslojdeniskanesbutik.se\/en\/shop\/"},{"@type":"ListItem","position":3,"name":"Books","item":"https:\/\/hemslojdeniskanesbutik.se\/en\/product-category\/books\/"},{"@type":"ListItem","position":4,"name":"Sticka nordiskt"}]},{"@type":"WebSite","@id":"https:\/\/hemslojdeniskanesbutik.se\/en\/#website","url":"https:\/\/hemslojdeniskanesbutik.se\/en\/","name":"Hemsl\u00f6jden i Sk\u00e5nes butik","description":"Hemsl\u00f6jden i Sk\u00e5nes butik","publisher":{"@id":"https:\/\/hemslojdeniskanesbutik.se\/en\/#organization"},"potentialAction":[{"@type":"SearchAction","target":{"@type":"EntryPoint","urlTemplate":"https:\/\/hemslojdeniskanesbutik.se\/en\/?s={search_term_string}"},"query-input":{"@type":"PropertyValueSpecification","valueRequired":true,"valueName":"search_term_string"}}],"inLanguage":"en-US"},{"@type":"Organization","@id":"https:\/\/hemslojdeniskanesbutik.se\/en\/#organization","name":"Hemsl\u00f6jden i Sk\u00e5nes butik","url":"https:\/\/hemslojdeniskanesbutik.se\/en\/","logo":{"@type":"ImageObject","inLanguage":"en-US","@id":"https:\/\/hemslojdeniskanesbutik.se\/en\/#\/schema\/logo\/image\/","url":"https:\/\/hemslojdeniskanesbutik.se\/wp-content\/uploads\/2021\/03\/hemslojden_logotyp_liggande_positiv_farg_rgb_highres.png","contentUrl":"https:\/\/hemslojdeniskanesbutik.se\/wp-content\/uploads\/2021\/03\/hemslojden_logotyp_liggande_positiv_farg_rgb_highres.png","width":2737,"height":641,"caption":"Hemsl\u00f6jden i Sk\u00e5nes butik"},"image":{"@id":"https:\/\/hemslojdeniskanesbutik.se\/en\/#\/schema\/logo\/image\/"},"sameAs":["http:\/\/facebook.com\/hemslojdenskaneAB","http:\/\/youtube.com\/slojdiskane","https:\/\/www.instagram.com\/hemslojdeniskane"]}]}},"taxonomy_info":{"product_cat":[{"value":34,"label":"B\u00f6cker"}]},"featured_image_src_large":["https:\/\/hemslojdeniskanesbutik.se\/wp-content\/uploads\/2025\/03\/Sticka-nordiskt-1019x1024.jpg",1019,1024,true],"author_info":[],"comment_info":"","_links":{"self":[{"href":"https:\/\/hemslojdeniskanesbutik.se\/en\/wp-json\/wp\/v2\/product\/12756","targetHints":{"allow":["GET"]}}],"collection":[{"href":"https:\/\/hemslojdeniskanesbutik.se\/en\/wp-json\/wp\/v2\/product"}],"about":[{"href":"https:\/\/hemslojdeniskanesbutik.se\/en\/wp-json\/wp\/v2\/types\/product"}],"wp:featuredmedia":[{"embeddable":true,"href":"https:\/\/hemslojdeniskanesbutik.se\/en\/wp-json\/wp\/v2\/media\/12757"}],"wp:attachment":[{"href":"https:\/\/hemslojdeniskanesbutik.se\/en\/wp-json\/wp\/v2\/media?parent=12756"}],"wp:term":[{"taxonomy":"product_brand","embeddable":true,"href":"https:\/\/hemslojdeniskanesbutik.se\/en\/wp-json\/wp\/v2\/product_brand?post=12756"},{"taxonomy":"product_cat","embeddable":true,"href":"https:\/\/hemslojdeniskanesbutik.se\/en\/wp-json\/wp\/v2\/product_cat?post=12756"},{"taxonomy":"product_tag","embeddable":true,"href":"https:\/\/hemslojdeniskanesbutik.se\/en\/wp-json\/wp\/v2\/product_tag?post=12756"}],"curies":[{"name":"wp","href":"https:\/\/api.w.org\/{rel}","templated":true}]}}