{"id":12669,"date":"2025-02-26T12:10:24","date_gmt":"2025-02-26T11:10:24","guid":{"rendered":"https:\/\/hemslojdeniskanesbutik.se\/?post_type=product&#038;p=12669"},"modified":"2025-11-21T14:14:44","modified_gmt":"2025-11-21T13:14:44","slug":"naverkorg-av-bror-forslund","status":"publish","type":"product","link":"https:\/\/hemslojdeniskanesbutik.se\/en\/produkt\/naverkorg-av-bror-forslund\/","title":{"rendered":"N\u00e4verkorg av Bror Forslund"},"content":{"rendered":"<p>N\u00e4verkorg som passar som exempelvis br\u00f6dkorg. Sl\u00f6jdad av Bror Forslund i Frilles\u00e5s.<\/p>\n","protected":false},"excerpt":{"rendered":"<div class=\"woocommerce-product-details__short-description\">\n<p>Material: N\u00e4ver<br \/>\nSl\u00f6jdare: Bror Forslund, Frilles\u00e5s.<br \/>\nDimensioner: 26 cm x 26 cm x 9 cm<br \/>\nObservera att varje korg \u00e4r unik och att det endast finns en av varje variant.<\/p>\n<\/div>\n","protected":false},"featured_media":12674,"template":"","meta":{"_kad_blocks_custom_css":"","_kad_blocks_head_custom_js":"","_kad_blocks_body_custom_js":"","_kad_blocks_footer_custom_js":"","_kad_post_transparent":"default","_kad_post_title":"","_kad_post_layout":"default","_kad_post_sidebar_id":"","_kad_post_content_style":"default","_kad_post_vertical_padding":"default","_kad_post_feature":"","_kad_post_feature_position":"","_kad_post_header":false,"_kad_post_footer":false,"_kad_post_classname":""},"product_brand":[],"product_cat":[575],"product_tag":[],"class_list":{"0":"post-12669","1":"product","2":"type-product","3":"status-publish","4":"has-post-thumbnail","6":"product_cat-unika-produkter","8":"first","9":"outofstock","10":"sold-individually","11":"shipping-taxable","12":"purchasable","13":"product-type-simple","14":"entry","15":"content-bg","16":"loop-entry"},"yoast_head":"<!-- This site is optimized with the Yoast SEO plugin v27.2 - https:\/\/yoast.com\/product\/yoast-seo-wordpress\/ -->\n<title>N\u00e4verkorg av Bror Forslund - Hemsl\u00f6jden i Sk\u00e5nes butik<\/title>\n<meta name=\"robots\" content=\"index, follow, max-snippet:-1, max-image-preview:large, max-video-preview:-1\" \/>\n<link rel=\"canonical\" href=\"https:\/\/hemslojdeniskanesbutik.se\/en\/produkt\/naverkorg-av-bror-forslund\/\" \/>\n<meta property=\"og:locale\" content=\"en_US\" \/>\n<meta property=\"og:type\" content=\"article\" \/>\n<meta property=\"og:title\" content=\"N\u00e4verkorg av Bror Forslund - Hemsl\u00f6jden i Sk\u00e5nes butik\" \/>\n<meta property=\"og:description\" content=\"Material: N\u00e4ver Sl\u00f6jdare: Bror Forslund, Frilles\u00e5s. Dimensioner: 26 cm x 26 cm x 9 cm Observera att varje korg \u00e4r unik och att det endast finns en av varje variant.\" \/>\n<meta property=\"og:url\" content=\"https:\/\/hemslojdeniskanesbutik.se\/en\/produkt\/naverkorg-av-bror-forslund\/\" \/>\n<meta property=\"og:site_name\" content=\"Hemsl\u00f6jden i Sk\u00e5nes butik\" \/>\n<meta property=\"article:publisher\" content=\"http:\/\/facebook.com\/hemslojdenskaneAB\" \/>\n<meta property=\"article:modified_time\" content=\"2025-11-21T13:14:44+00:00\" \/>\n<meta property=\"og:image\" content=\"https:\/\/hemslojdeniskanesbutik.se\/wp-content\/uploads\/2025\/02\/26904-3-scaled.jpg\" \/>\n\t<meta property=\"og:image:width\" content=\"2560\" \/>\n\t<meta property=\"og:image:height\" content=\"2560\" \/>\n\t<meta property=\"og:image:type\" content=\"image\/jpeg\" \/>\n<meta name=\"twitter:card\" content=\"summary_large_image\" \/>\n<meta name=\"twitter:label1\" content=\"Est. reading time\" \/>\n\t<meta name=\"twitter:data1\" content=\"1 minute\" \/>\n<script type=\"application\/ld+json\" class=\"yoast-schema-graph\">{\"@context\":\"https:\/\/schema.org\",\"@graph\":[{\"@type\":\"WebPage\",\"@id\":\"https:\/\/hemslojdeniskanesbutik.se\/en\/produkt\/naverkorg-av-bror-forslund\/\",\"url\":\"https:\/\/hemslojdeniskanesbutik.se\/en\/produkt\/naverkorg-av-bror-forslund\/\",\"name\":\"N\u00e4verkorg av Bror Forslund - Hemsl\u00f6jden i Sk\u00e5nes butik\",\"isPartOf\":{\"@id\":\"https:\/\/hemslojdeniskanesbutik.se\/en\/#website\"},\"primaryImageOfPage\":{\"@id\":\"https:\/\/hemslojdeniskanesbutik.se\/en\/produkt\/naverkorg-av-bror-forslund\/#primaryimage\"},\"image\":{\"@id\":\"https:\/\/hemslojdeniskanesbutik.se\/en\/produkt\/naverkorg-av-bror-forslund\/#primaryimage\"},\"thumbnailUrl\":\"https:\/\/hemslojdeniskanesbutik.se\/wp-content\/uploads\/2025\/02\/26904-3-scaled.jpg\",\"datePublished\":\"2025-02-26T11:10:24+00:00\",\"dateModified\":\"2025-11-21T13:14:44+00:00\",\"breadcrumb\":{\"@id\":\"https:\/\/hemslojdeniskanesbutik.se\/en\/produkt\/naverkorg-av-bror-forslund\/#breadcrumb\"},\"inLanguage\":\"en-US\",\"potentialAction\":[{\"@type\":\"ReadAction\",\"target\":[\"https:\/\/hemslojdeniskanesbutik.se\/en\/produkt\/naverkorg-av-bror-forslund\/\"]}]},{\"@type\":\"ImageObject\",\"inLanguage\":\"en-US\",\"@id\":\"https:\/\/hemslojdeniskanesbutik.se\/en\/produkt\/naverkorg-av-bror-forslund\/#primaryimage\",\"url\":\"https:\/\/hemslojdeniskanesbutik.se\/wp-content\/uploads\/2025\/02\/26904-3-scaled.jpg\",\"contentUrl\":\"https:\/\/hemslojdeniskanesbutik.se\/wp-content\/uploads\/2025\/02\/26904-3-scaled.jpg\",\"width\":2560,\"height\":2560},{\"@type\":\"BreadcrumbList\",\"@id\":\"https:\/\/hemslojdeniskanesbutik.se\/en\/produkt\/naverkorg-av-bror-forslund\/#breadcrumb\",\"itemListElement\":[{\"@type\":\"ListItem\",\"position\":1,\"name\":\"Start\",\"item\":\"https:\/\/hemslojdeniskanesbutik.se\/en\/\"},{\"@type\":\"ListItem\",\"position\":2,\"name\":\"Shop\",\"item\":\"https:\/\/hemslojdeniskanesbutik.se\/en\/shop\/\"},{\"@type\":\"ListItem\",\"position\":3,\"name\":\"Unique products\",\"item\":\"https:\/\/hemslojdeniskanesbutik.se\/en\/product-category\/unique-products\/\"},{\"@type\":\"ListItem\",\"position\":4,\"name\":\"N\u00e4verkorg av Bror Forslund\"}]},{\"@type\":\"WebSite\",\"@id\":\"https:\/\/hemslojdeniskanesbutik.se\/en\/#website\",\"url\":\"https:\/\/hemslojdeniskanesbutik.se\/en\/\",\"name\":\"Hemsl\u00f6jden i Sk\u00e5nes butik\",\"description\":\"Hemsl\u00f6jden i Sk\u00e5nes butik\",\"publisher\":{\"@id\":\"https:\/\/hemslojdeniskanesbutik.se\/en\/#organization\"},\"potentialAction\":[{\"@type\":\"SearchAction\",\"target\":{\"@type\":\"EntryPoint\",\"urlTemplate\":\"https:\/\/hemslojdeniskanesbutik.se\/en\/?s={search_term_string}\"},\"query-input\":{\"@type\":\"PropertyValueSpecification\",\"valueRequired\":true,\"valueName\":\"search_term_string\"}}],\"inLanguage\":\"en-US\"},{\"@type\":\"Organization\",\"@id\":\"https:\/\/hemslojdeniskanesbutik.se\/en\/#organization\",\"name\":\"Hemsl\u00f6jden i Sk\u00e5nes butik\",\"url\":\"https:\/\/hemslojdeniskanesbutik.se\/en\/\",\"logo\":{\"@type\":\"ImageObject\",\"inLanguage\":\"en-US\",\"@id\":\"https:\/\/hemslojdeniskanesbutik.se\/en\/#\/schema\/logo\/image\/\",\"url\":\"https:\/\/hemslojdeniskanesbutik.se\/wp-content\/uploads\/2021\/03\/hemslojden_logotyp_liggande_positiv_farg_rgb_highres.png\",\"contentUrl\":\"https:\/\/hemslojdeniskanesbutik.se\/wp-content\/uploads\/2021\/03\/hemslojden_logotyp_liggande_positiv_farg_rgb_highres.png\",\"width\":2737,\"height\":641,\"caption\":\"Hemsl\u00f6jden i Sk\u00e5nes butik\"},\"image\":{\"@id\":\"https:\/\/hemslojdeniskanesbutik.se\/en\/#\/schema\/logo\/image\/\"},\"sameAs\":[\"http:\/\/facebook.com\/hemslojdenskaneAB\",\"http:\/\/youtube.com\/slojdiskane\",\"https:\/\/www.instagram.com\/hemslojdeniskane\"]}]}<\/script>\n<!-- \/ Yoast SEO plugin. -->","yoast_head_json":{"title":"N\u00e4verkorg av Bror Forslund - Hemsl\u00f6jden i Sk\u00e5nes butik","robots":{"index":"index","follow":"follow","max-snippet":"max-snippet:-1","max-image-preview":"max-image-preview:large","max-video-preview":"max-video-preview:-1"},"canonical":"https:\/\/hemslojdeniskanesbutik.se\/en\/produkt\/naverkorg-av-bror-forslund\/","og_locale":"en_US","og_type":"article","og_title":"N\u00e4verkorg av Bror Forslund - Hemsl\u00f6jden i Sk\u00e5nes butik","og_description":"Material: N\u00e4ver Sl\u00f6jdare: Bror Forslund, Frilles\u00e5s. Dimensioner: 26 cm x 26 cm x 9 cm Observera att varje korg \u00e4r unik och att det endast finns en av varje variant.","og_url":"https:\/\/hemslojdeniskanesbutik.se\/en\/produkt\/naverkorg-av-bror-forslund\/","og_site_name":"Hemsl\u00f6jden i Sk\u00e5nes butik","article_publisher":"http:\/\/facebook.com\/hemslojdenskaneAB","article_modified_time":"2025-11-21T13:14:44+00:00","og_image":[{"width":2560,"height":2560,"url":"https:\/\/hemslojdeniskanesbutik.se\/wp-content\/uploads\/2025\/02\/26904-3-scaled.jpg","type":"image\/jpeg"}],"twitter_card":"summary_large_image","twitter_misc":{"Est. reading time":"1 minute"},"schema":{"@context":"https:\/\/schema.org","@graph":[{"@type":"WebPage","@id":"https:\/\/hemslojdeniskanesbutik.se\/en\/produkt\/naverkorg-av-bror-forslund\/","url":"https:\/\/hemslojdeniskanesbutik.se\/en\/produkt\/naverkorg-av-bror-forslund\/","name":"N\u00e4verkorg av Bror Forslund - Hemsl\u00f6jden i Sk\u00e5nes butik","isPartOf":{"@id":"https:\/\/hemslojdeniskanesbutik.se\/en\/#website"},"primaryImageOfPage":{"@id":"https:\/\/hemslojdeniskanesbutik.se\/en\/produkt\/naverkorg-av-bror-forslund\/#primaryimage"},"image":{"@id":"https:\/\/hemslojdeniskanesbutik.se\/en\/produkt\/naverkorg-av-bror-forslund\/#primaryimage"},"thumbnailUrl":"https:\/\/hemslojdeniskanesbutik.se\/wp-content\/uploads\/2025\/02\/26904-3-scaled.jpg","datePublished":"2025-02-26T11:10:24+00:00","dateModified":"2025-11-21T13:14:44+00:00","breadcrumb":{"@id":"https:\/\/hemslojdeniskanesbutik.se\/en\/produkt\/naverkorg-av-bror-forslund\/#breadcrumb"},"inLanguage":"en-US","potentialAction":[{"@type":"ReadAction","target":["https:\/\/hemslojdeniskanesbutik.se\/en\/produkt\/naverkorg-av-bror-forslund\/"]}]},{"@type":"ImageObject","inLanguage":"en-US","@id":"https:\/\/hemslojdeniskanesbutik.se\/en\/produkt\/naverkorg-av-bror-forslund\/#primaryimage","url":"https:\/\/hemslojdeniskanesbutik.se\/wp-content\/uploads\/2025\/02\/26904-3-scaled.jpg","contentUrl":"https:\/\/hemslojdeniskanesbutik.se\/wp-content\/uploads\/2025\/02\/26904-3-scaled.jpg","width":2560,"height":2560},{"@type":"BreadcrumbList","@id":"https:\/\/hemslojdeniskanesbutik.se\/en\/produkt\/naverkorg-av-bror-forslund\/#breadcrumb","itemListElement":[{"@type":"ListItem","position":1,"name":"Start","item":"https:\/\/hemslojdeniskanesbutik.se\/en\/"},{"@type":"ListItem","position":2,"name":"Shop","item":"https:\/\/hemslojdeniskanesbutik.se\/en\/shop\/"},{"@type":"ListItem","position":3,"name":"Unique products","item":"https:\/\/hemslojdeniskanesbutik.se\/en\/product-category\/unique-products\/"},{"@type":"ListItem","position":4,"name":"N\u00e4verkorg av Bror Forslund"}]},{"@type":"WebSite","@id":"https:\/\/hemslojdeniskanesbutik.se\/en\/#website","url":"https:\/\/hemslojdeniskanesbutik.se\/en\/","name":"Hemsl\u00f6jden i Sk\u00e5nes butik","description":"Hemsl\u00f6jden i Sk\u00e5nes butik","publisher":{"@id":"https:\/\/hemslojdeniskanesbutik.se\/en\/#organization"},"potentialAction":[{"@type":"SearchAction","target":{"@type":"EntryPoint","urlTemplate":"https:\/\/hemslojdeniskanesbutik.se\/en\/?s={search_term_string}"},"query-input":{"@type":"PropertyValueSpecification","valueRequired":true,"valueName":"search_term_string"}}],"inLanguage":"en-US"},{"@type":"Organization","@id":"https:\/\/hemslojdeniskanesbutik.se\/en\/#organization","name":"Hemsl\u00f6jden i Sk\u00e5nes butik","url":"https:\/\/hemslojdeniskanesbutik.se\/en\/","logo":{"@type":"ImageObject","inLanguage":"en-US","@id":"https:\/\/hemslojdeniskanesbutik.se\/en\/#\/schema\/logo\/image\/","url":"https:\/\/hemslojdeniskanesbutik.se\/wp-content\/uploads\/2021\/03\/hemslojden_logotyp_liggande_positiv_farg_rgb_highres.png","contentUrl":"https:\/\/hemslojdeniskanesbutik.se\/wp-content\/uploads\/2021\/03\/hemslojden_logotyp_liggande_positiv_farg_rgb_highres.png","width":2737,"height":641,"caption":"Hemsl\u00f6jden i Sk\u00e5nes butik"},"image":{"@id":"https:\/\/hemslojdeniskanesbutik.se\/en\/#\/schema\/logo\/image\/"},"sameAs":["http:\/\/facebook.com\/hemslojdenskaneAB","http:\/\/youtube.com\/slojdiskane","https:\/\/www.instagram.com\/hemslojdeniskane"]}]}},"taxonomy_info":{"product_cat":[{"value":575,"label":"Unik sl\u00f6jd"}]},"featured_image_src_large":["https:\/\/hemslojdeniskanesbutik.se\/wp-content\/uploads\/2025\/02\/26904-3-1024x1024.jpg",1024,1024,true],"author_info":[],"comment_info":"","_links":{"self":[{"href":"https:\/\/hemslojdeniskanesbutik.se\/en\/wp-json\/wp\/v2\/product\/12669","targetHints":{"allow":["GET"]}}],"collection":[{"href":"https:\/\/hemslojdeniskanesbutik.se\/en\/wp-json\/wp\/v2\/product"}],"about":[{"href":"https:\/\/hemslojdeniskanesbutik.se\/en\/wp-json\/wp\/v2\/types\/product"}],"wp:featuredmedia":[{"embeddable":true,"href":"https:\/\/hemslojdeniskanesbutik.se\/en\/wp-json\/wp\/v2\/media\/12674"}],"wp:attachment":[{"href":"https:\/\/hemslojdeniskanesbutik.se\/en\/wp-json\/wp\/v2\/media?parent=12669"}],"wp:term":[{"taxonomy":"product_brand","embeddable":true,"href":"https:\/\/hemslojdeniskanesbutik.se\/en\/wp-json\/wp\/v2\/product_brand?post=12669"},{"taxonomy":"product_cat","embeddable":true,"href":"https:\/\/hemslojdeniskanesbutik.se\/en\/wp-json\/wp\/v2\/product_cat?post=12669"},{"taxonomy":"product_tag","embeddable":true,"href":"https:\/\/hemslojdeniskanesbutik.se\/en\/wp-json\/wp\/v2\/product_tag?post=12669"}],"curies":[{"name":"wp","href":"https:\/\/api.w.org\/{rel}","templated":true}]}}