{"id":11106,"date":"2017-09-28T13:15:36","date_gmt":"2017-09-28T11:15:36","guid":{"rendered":"https:\/\/hemslojdeniskanesbutik.se\/produkt\/akerlandskap-2\/"},"modified":"2017-09-28T13:15:36","modified_gmt":"2017-09-28T11:15:36","slug":"akerlandskap-2","status":"publish","type":"product","link":"https:\/\/hemslojdeniskanesbutik.se\/en\/produkt\/akerlandskap-2\/","title":{"rendered":"\u00c5kerlandskap"},"content":{"rendered":"<p>Broderas med lingarn p\u00e5 Dalalinne 8 tr\u00e5dar per cm. Tvists\u00f6mmen sys b\u00e5de p\u00e5 l\u00e4ngden och tv\u00e4ren vilket g\u00f6r broderiet levande.<\/p>\n<p>I materialf\u00f6rpackningen ing\u00e5r Dalalinne, lingarn, m\u00f6nster och n\u00e5l.<\/p>\n","protected":false},"excerpt":{"rendered":"<div id=\"product\">\n<div id=\"tabs\" class=\"ui-tabs ui-widget ui-widget-content ui-corner-all\">\n<div id=\"tabs-1\" class=\"ui-tabs-panel ui-widget-content ui-corner-bottom\">\n<p>Storlek: 20 cm x 22 cm<br \/>\nThe price is for materials.<\/p>\n<\/div>\n<div id=\"tabs-2\"><\/div>\n<\/div>\n<\/div>\n<div id=\"bounce\" class=\"ui-widget-content ui-corner-all\"><\/div>\n","protected":false},"featured_media":8143,"template":"","meta":{"_kad_blocks_custom_css":"","_kad_blocks_head_custom_js":"","_kad_blocks_body_custom_js":"","_kad_blocks_footer_custom_js":"","_kad_post_transparent":"","_kad_post_title":"","_kad_post_layout":"","_kad_post_sidebar_id":"","_kad_post_content_style":"","_kad_post_vertical_padding":"","_kad_post_feature":"","_kad_post_feature_position":"","_kad_post_header":false,"_kad_post_footer":false,"_kad_post_classname":""},"product_brand":[],"product_cat":[894],"product_tag":[],"class_list":{"0":"post-11106","1":"product","2":"type-product","3":"status-publish","4":"has-post-thumbnail","6":"product_cat-twist-stitch-linen","8":"first","9":"instock","10":"taxable","11":"shipping-taxable","12":"purchasable","13":"product-type-simple","14":"entry","15":"content-bg","16":"loop-entry"},"yoast_head":"<!-- This site is optimized with the Yoast SEO plugin v27.2 - https:\/\/yoast.com\/product\/yoast-seo-wordpress\/ -->\n<title>\u00c5kerlandskap - Hemsl\u00f6jden i Sk\u00e5nes butik<\/title>\n<meta name=\"robots\" content=\"index, follow, max-snippet:-1, max-image-preview:large, max-video-preview:-1\" \/>\n<link rel=\"canonical\" href=\"https:\/\/hemslojdeniskanesbutik.se\/en\/produkt\/akerlandskap-2\/\" \/>\n<meta property=\"og:locale\" content=\"en_US\" \/>\n<meta property=\"og:type\" content=\"article\" \/>\n<meta property=\"og:title\" content=\"\u00c5kerlandskap - Hemsl\u00f6jden i Sk\u00e5nes butik\" \/>\n<meta property=\"og:description\" content=\"Storlek: 20 cm x 22 cm The price is for materials.\" \/>\n<meta property=\"og:url\" content=\"https:\/\/hemslojdeniskanesbutik.se\/en\/produkt\/akerlandskap-2\/\" \/>\n<meta property=\"og:site_name\" content=\"Hemsl\u00f6jden i Sk\u00e5nes butik\" \/>\n<meta property=\"article:publisher\" content=\"http:\/\/facebook.com\/hemslojdenskaneAB\" \/>\n<meta name=\"twitter:card\" content=\"summary_large_image\" \/>\n<script type=\"application\/ld+json\" class=\"yoast-schema-graph\">{\"@context\":\"https:\/\/schema.org\",\"@graph\":[{\"@type\":\"WebPage\",\"@id\":\"https:\/\/hemslojdeniskanesbutik.se\/en\/produkt\/akerlandskap-2\/\",\"url\":\"https:\/\/hemslojdeniskanesbutik.se\/en\/produkt\/akerlandskap-2\/\",\"name\":\"\u00c5kerlandskap - Hemsl\u00f6jden i Sk\u00e5nes butik\",\"isPartOf\":{\"@id\":\"https:\/\/hemslojdeniskanesbutik.se\/en\/#website\"},\"primaryImageOfPage\":{\"@id\":\"https:\/\/hemslojdeniskanesbutik.se\/en\/produkt\/akerlandskap-2\/#primaryimage\"},\"image\":{\"@id\":\"https:\/\/hemslojdeniskanesbutik.se\/en\/produkt\/akerlandskap-2\/#primaryimage\"},\"thumbnailUrl\":\"https:\/\/hemslojdeniskanesbutik.se\/wp-content\/uploads\/2017\/09\/\u00c5kerlandskap.jpg\",\"datePublished\":\"2017-09-28T11:15:36+00:00\",\"breadcrumb\":{\"@id\":\"https:\/\/hemslojdeniskanesbutik.se\/en\/produkt\/akerlandskap-2\/#breadcrumb\"},\"inLanguage\":\"en-US\",\"potentialAction\":[{\"@type\":\"ReadAction\",\"target\":[\"https:\/\/hemslojdeniskanesbutik.se\/en\/produkt\/akerlandskap-2\/\"]}]},{\"@type\":\"ImageObject\",\"inLanguage\":\"en-US\",\"@id\":\"https:\/\/hemslojdeniskanesbutik.se\/en\/produkt\/akerlandskap-2\/#primaryimage\",\"url\":\"https:\/\/hemslojdeniskanesbutik.se\/wp-content\/uploads\/2017\/09\/\u00c5kerlandskap.jpg\",\"contentUrl\":\"https:\/\/hemslojdeniskanesbutik.se\/wp-content\/uploads\/2017\/09\/\u00c5kerlandskap.jpg\",\"width\":713,\"height\":800,\"caption\":\"broderi linnetvist \u00e5kerlandskap\"},{\"@type\":\"BreadcrumbList\",\"@id\":\"https:\/\/hemslojdeniskanesbutik.se\/en\/produkt\/akerlandskap-2\/#breadcrumb\",\"itemListElement\":[{\"@type\":\"ListItem\",\"position\":1,\"name\":\"Start\",\"item\":\"https:\/\/hemslojdeniskanesbutik.se\/en\/\"},{\"@type\":\"ListItem\",\"position\":2,\"name\":\"Shop\",\"item\":\"https:\/\/hemslojdeniskanesbutik.se\/en\/shop\/\"},{\"@type\":\"ListItem\",\"position\":3,\"name\":\"\u00c5kerlandskap\"}]},{\"@type\":\"WebSite\",\"@id\":\"https:\/\/hemslojdeniskanesbutik.se\/en\/#website\",\"url\":\"https:\/\/hemslojdeniskanesbutik.se\/en\/\",\"name\":\"Hemsl\u00f6jden i Sk\u00e5nes butik\",\"description\":\"Hemsl\u00f6jden i Sk\u00e5nes butik\",\"publisher\":{\"@id\":\"https:\/\/hemslojdeniskanesbutik.se\/en\/#organization\"},\"potentialAction\":[{\"@type\":\"SearchAction\",\"target\":{\"@type\":\"EntryPoint\",\"urlTemplate\":\"https:\/\/hemslojdeniskanesbutik.se\/en\/?s={search_term_string}\"},\"query-input\":{\"@type\":\"PropertyValueSpecification\",\"valueRequired\":true,\"valueName\":\"search_term_string\"}}],\"inLanguage\":\"en-US\"},{\"@type\":\"Organization\",\"@id\":\"https:\/\/hemslojdeniskanesbutik.se\/en\/#organization\",\"name\":\"Hemsl\u00f6jden i Sk\u00e5nes butik\",\"url\":\"https:\/\/hemslojdeniskanesbutik.se\/en\/\",\"logo\":{\"@type\":\"ImageObject\",\"inLanguage\":\"en-US\",\"@id\":\"https:\/\/hemslojdeniskanesbutik.se\/en\/#\/schema\/logo\/image\/\",\"url\":\"https:\/\/hemslojdeniskanesbutik.se\/wp-content\/uploads\/2021\/03\/hemslojden_logotyp_liggande_positiv_farg_rgb_highres.png\",\"contentUrl\":\"https:\/\/hemslojdeniskanesbutik.se\/wp-content\/uploads\/2021\/03\/hemslojden_logotyp_liggande_positiv_farg_rgb_highres.png\",\"width\":2737,\"height\":641,\"caption\":\"Hemsl\u00f6jden i Sk\u00e5nes butik\"},\"image\":{\"@id\":\"https:\/\/hemslojdeniskanesbutik.se\/en\/#\/schema\/logo\/image\/\"},\"sameAs\":[\"http:\/\/facebook.com\/hemslojdenskaneAB\",\"http:\/\/youtube.com\/slojdiskane\",\"https:\/\/www.instagram.com\/hemslojdeniskane\"]}]}<\/script>\n<!-- \/ Yoast SEO plugin. -->","yoast_head_json":{"title":"\u00c5kerlandskap - Hemsl\u00f6jden i Sk\u00e5nes butik","robots":{"index":"index","follow":"follow","max-snippet":"max-snippet:-1","max-image-preview":"max-image-preview:large","max-video-preview":"max-video-preview:-1"},"canonical":"https:\/\/hemslojdeniskanesbutik.se\/en\/produkt\/akerlandskap-2\/","og_locale":"en_US","og_type":"article","og_title":"\u00c5kerlandskap - Hemsl\u00f6jden i Sk\u00e5nes butik","og_description":"Storlek: 20 cm x 22 cm The price is for materials.","og_url":"https:\/\/hemslojdeniskanesbutik.se\/en\/produkt\/akerlandskap-2\/","og_site_name":"Hemsl\u00f6jden i Sk\u00e5nes butik","article_publisher":"http:\/\/facebook.com\/hemslojdenskaneAB","twitter_card":"summary_large_image","schema":{"@context":"https:\/\/schema.org","@graph":[{"@type":"WebPage","@id":"https:\/\/hemslojdeniskanesbutik.se\/en\/produkt\/akerlandskap-2\/","url":"https:\/\/hemslojdeniskanesbutik.se\/en\/produkt\/akerlandskap-2\/","name":"\u00c5kerlandskap - Hemsl\u00f6jden i Sk\u00e5nes butik","isPartOf":{"@id":"https:\/\/hemslojdeniskanesbutik.se\/en\/#website"},"primaryImageOfPage":{"@id":"https:\/\/hemslojdeniskanesbutik.se\/en\/produkt\/akerlandskap-2\/#primaryimage"},"image":{"@id":"https:\/\/hemslojdeniskanesbutik.se\/en\/produkt\/akerlandskap-2\/#primaryimage"},"thumbnailUrl":"https:\/\/hemslojdeniskanesbutik.se\/wp-content\/uploads\/2017\/09\/\u00c5kerlandskap.jpg","datePublished":"2017-09-28T11:15:36+00:00","breadcrumb":{"@id":"https:\/\/hemslojdeniskanesbutik.se\/en\/produkt\/akerlandskap-2\/#breadcrumb"},"inLanguage":"en-US","potentialAction":[{"@type":"ReadAction","target":["https:\/\/hemslojdeniskanesbutik.se\/en\/produkt\/akerlandskap-2\/"]}]},{"@type":"ImageObject","inLanguage":"en-US","@id":"https:\/\/hemslojdeniskanesbutik.se\/en\/produkt\/akerlandskap-2\/#primaryimage","url":"https:\/\/hemslojdeniskanesbutik.se\/wp-content\/uploads\/2017\/09\/\u00c5kerlandskap.jpg","contentUrl":"https:\/\/hemslojdeniskanesbutik.se\/wp-content\/uploads\/2017\/09\/\u00c5kerlandskap.jpg","width":713,"height":800,"caption":"broderi linnetvist \u00e5kerlandskap"},{"@type":"BreadcrumbList","@id":"https:\/\/hemslojdeniskanesbutik.se\/en\/produkt\/akerlandskap-2\/#breadcrumb","itemListElement":[{"@type":"ListItem","position":1,"name":"Start","item":"https:\/\/hemslojdeniskanesbutik.se\/en\/"},{"@type":"ListItem","position":2,"name":"Shop","item":"https:\/\/hemslojdeniskanesbutik.se\/en\/shop\/"},{"@type":"ListItem","position":3,"name":"\u00c5kerlandskap"}]},{"@type":"WebSite","@id":"https:\/\/hemslojdeniskanesbutik.se\/en\/#website","url":"https:\/\/hemslojdeniskanesbutik.se\/en\/","name":"Hemsl\u00f6jden i Sk\u00e5nes butik","description":"Hemsl\u00f6jden i Sk\u00e5nes butik","publisher":{"@id":"https:\/\/hemslojdeniskanesbutik.se\/en\/#organization"},"potentialAction":[{"@type":"SearchAction","target":{"@type":"EntryPoint","urlTemplate":"https:\/\/hemslojdeniskanesbutik.se\/en\/?s={search_term_string}"},"query-input":{"@type":"PropertyValueSpecification","valueRequired":true,"valueName":"search_term_string"}}],"inLanguage":"en-US"},{"@type":"Organization","@id":"https:\/\/hemslojdeniskanesbutik.se\/en\/#organization","name":"Hemsl\u00f6jden i Sk\u00e5nes butik","url":"https:\/\/hemslojdeniskanesbutik.se\/en\/","logo":{"@type":"ImageObject","inLanguage":"en-US","@id":"https:\/\/hemslojdeniskanesbutik.se\/en\/#\/schema\/logo\/image\/","url":"https:\/\/hemslojdeniskanesbutik.se\/wp-content\/uploads\/2021\/03\/hemslojden_logotyp_liggande_positiv_farg_rgb_highres.png","contentUrl":"https:\/\/hemslojdeniskanesbutik.se\/wp-content\/uploads\/2021\/03\/hemslojden_logotyp_liggande_positiv_farg_rgb_highres.png","width":2737,"height":641,"caption":"Hemsl\u00f6jden i Sk\u00e5nes butik"},"image":{"@id":"https:\/\/hemslojdeniskanesbutik.se\/en\/#\/schema\/logo\/image\/"},"sameAs":["http:\/\/facebook.com\/hemslojdenskaneAB","http:\/\/youtube.com\/slojdiskane","https:\/\/www.instagram.com\/hemslojdeniskane"]}]}},"taxonomy_info":{"product_cat":[{"value":894,"label":"Twist stitch linen"}]},"featured_image_src_large":["https:\/\/hemslojdeniskanesbutik.se\/wp-content\/uploads\/2017\/09\/\u00c5kerlandskap.jpg",713,800,false],"author_info":[],"comment_info":"","_links":{"self":[{"href":"https:\/\/hemslojdeniskanesbutik.se\/en\/wp-json\/wp\/v2\/product\/11106","targetHints":{"allow":["GET"]}}],"collection":[{"href":"https:\/\/hemslojdeniskanesbutik.se\/en\/wp-json\/wp\/v2\/product"}],"about":[{"href":"https:\/\/hemslojdeniskanesbutik.se\/en\/wp-json\/wp\/v2\/types\/product"}],"wp:featuredmedia":[{"embeddable":true,"href":"https:\/\/hemslojdeniskanesbutik.se\/en\/wp-json\/wp\/v2\/media\/8143"}],"wp:attachment":[{"href":"https:\/\/hemslojdeniskanesbutik.se\/en\/wp-json\/wp\/v2\/media?parent=11106"}],"wp:term":[{"taxonomy":"product_brand","embeddable":true,"href":"https:\/\/hemslojdeniskanesbutik.se\/en\/wp-json\/wp\/v2\/product_brand?post=11106"},{"taxonomy":"product_cat","embeddable":true,"href":"https:\/\/hemslojdeniskanesbutik.se\/en\/wp-json\/wp\/v2\/product_cat?post=11106"},{"taxonomy":"product_tag","embeddable":true,"href":"https:\/\/hemslojdeniskanesbutik.se\/en\/wp-json\/wp\/v2\/product_tag?post=11106"}],"curies":[{"name":"wp","href":"https:\/\/api.w.org\/{rel}","templated":true}]}}