{"id":10377,"date":"2021-03-25T14:49:14","date_gmt":"2021-03-25T13:49:14","guid":{"rendered":"https:\/\/hemslojdeniskanesbutik.se\/produkt\/flora-cotton\/"},"modified":"2021-03-25T14:49:14","modified_gmt":"2021-03-25T13:49:14","slug":"flora-cotton","status":"publish","type":"product","link":"https:\/\/hemslojdeniskanesbutik.se\/en\/produkt\/flora-cotton\/","title":{"rendered":"Flora cotton"},"content":{"rendered":"<p>Bomullsgarn att brodera med<\/p>\n","protected":false},"excerpt":{"rendered":"<p>Tunt broderigarn i 100% bomull.<br \/>\n20 m i varje docka.&nbsp;<\/p>\n<p>T\u00e4nk p\u00e5 att f\u00e4rg\u00e5tergivningen p\u00e5 sk\u00e4rm inte alltid st\u00e4mmer \u00f6verrens med verkligheten.<\/p>\n","protected":false},"featured_media":8520,"template":"","meta":{"_kad_blocks_custom_css":"","_kad_blocks_head_custom_js":"","_kad_blocks_body_custom_js":"","_kad_blocks_footer_custom_js":"","_kad_post_transparent":"","_kad_post_title":"","_kad_post_layout":"","_kad_post_sidebar_id":"","_kad_post_content_style":"","_kad_post_vertical_padding":"","_kad_post_feature":"","_kad_post_feature_position":"","_kad_post_header":false,"_kad_post_footer":false,"_kad_post_classname":""},"product_brand":[],"product_cat":[884],"product_tag":[],"class_list":{"0":"post-10377","1":"product","2":"type-product","3":"status-publish","4":"has-post-thumbnail","6":"product_cat-embroidery-yarns","7":"pa_fargnummer-246","8":"pa_fargnummer-124","9":"pa_fargnummer-111","10":"pa_fargnummer-128","11":"pa_fargnummer-126","12":"pa_fargnummer-165","13":"pa_fargnummer-231","14":"pa_fargnummer-215","15":"pa_fargnummer-177","16":"pa_fargnummer-180","17":"pa_fargnummer-211","18":"pa_fargnummer-169","19":"pa_fargnummer-114","20":"pa_fargnummer-253","21":"pa_fargnummer-255","22":"pa_fargnummer-254","23":"pa_fargnummer-228","24":"pa_fargnummer-190","25":"pa_fargnummer-245","26":"pa_fargnummer-240","27":"pa_fargnummer-154","28":"pa_fargnummer-157","29":"pa_fargnummer-161","30":"pa_fargnummer-251","31":"pa_fargnummer-196","32":"pa_fargnummer-171","33":"pa_fargnummer-229","34":"pa_fargnummer-127","35":"pa_fargnummer-198","36":"pa_fargnummer-244","37":"pa_fargnummer-160","38":"pa_fargnummer-195","39":"pa_fargnummer-241","40":"pa_fargnummer-122","41":"pa_fargnummer-210","42":"pa_fargnummer-209","43":"pa_fargnummer-227","44":"pa_fargnummer-197","45":"pa_fargnummer-224","46":"pa_fargnummer-223","47":"pa_fargnummer-226","48":"pa_fargnummer-222","49":"pa_fargnummer-221","50":"pa_fargnummer-109","51":"pa_fargnummer-110","52":"pa_fargnummer-115","53":"pa_fargnummer-113","54":"pa_fargnummer-218","55":"pa_fargnummer-217","56":"pa_fargnummer-256","57":"pa_fargnummer-116","58":"pa_fargnummer-178","59":"pa_fargnummer-206","60":"pa_fargnummer-208","61":"pa_fargnummer-257","62":"pa_fargnummer-225","63":"pa_fargnummer-213","64":"pa_fargnummer-431","65":"pa_fargnummer-189","66":"pa_fargnummer-232","67":"pa_fargnummer-123","68":"pa_fargnummer-235","69":"pa_fargnummer-179","70":"pa_fargnummer-176","71":"pa_fargnummer-236","72":"pa_fargnummer-249","73":"pa_fargnummer-252","74":"pa_fargnummer-230","75":"pa_fargnummer-247","76":"pa_fargnummer-237","77":"pa_fargnummer-152","78":"pa_fargnummer-214","79":"pa_fargnummer-212","80":"pa_fargnummer-432","81":"pa_fargnummer-234","82":"pa_fargnummer-182","83":"pa_fargnummer-158","84":"pa_fargnummer-155","85":"pa_fargnummer-153","86":"pa_fargnummer-163","87":"pa_fargnummer-181","88":"pa_fargnummer-173","89":"pa_fargnummer-167","90":"pa_fargnummer-166","91":"pa_fargnummer-174","92":"pa_fargnummer-233","93":"pa_fargnummer-202","94":"pa_fargnummer-205","95":"pa_fargnummer-239","96":"pa_fargnummer-238","97":"pa_fargnummer-250","98":"pa_fargnummer-248","99":"pa_fargnummer-175","100":"pa_fargnummer-242","101":"pa_fargnummer-159","102":"pa_fargnummer-433","103":"pa_fargnummer-125","104":"pa_fargnummer-172","105":"pa_fargnummer-170","106":"pa_fargnummer-168","107":"pa_fargnummer-164","108":"pa_fargnummer-162","109":"pa_fargnummer-194","110":"pa_fargnummer-193","111":"pa_fargnummer-192","112":"pa_fargnummer-191","113":"pa_fargnummer-207","114":"pa_fargnummer-204","115":"pa_fargnummer-201","116":"pa_fargnummer-117","117":"pa_fargnummer-429","118":"pa_fargnummer-430","119":"pa_fargnummer-118","120":"pa_fargnummer-119","121":"pa_fargnummer-120","122":"pa_fargnummer-121","123":"pa_fargnummer-216","124":"pa_fargnummer-219","125":"pa_fargnummer-112","126":"pa_fargnummer-220","127":"pa_fargnummer-200","128":"pa_fargnummer-203","129":"pa_fargnummer-199","130":"pa_fargnummer-188","131":"pa_fargnummer-183","132":"pa_fargnummer-187","133":"pa_fargnummer-186","134":"pa_fargnummer-185","135":"pa_fargnummer-184","136":"pa_fargnummer-243","138":"first","139":"instock","140":"taxable","141":"shipping-taxable","142":"purchasable","143":"product-type-variable","144":"entry","145":"content-bg","146":"loop-entry"},"yoast_head":"<!-- This site is optimized with the Yoast SEO plugin v27.5 - https:\/\/yoast.com\/product\/yoast-seo-wordpress\/ -->\n<title>Flora cotton - Hemsl\u00f6jden i Sk\u00e5nes butik<\/title>\n<meta name=\"robots\" content=\"index, follow, max-snippet:-1, max-image-preview:large, max-video-preview:-1\" \/>\n<link rel=\"canonical\" href=\"https:\/\/hemslojdeniskanesbutik.se\/en\/produkt\/flora-cotton\/\" \/>\n<meta property=\"og:locale\" content=\"en_US\" \/>\n<meta property=\"og:type\" content=\"article\" \/>\n<meta property=\"og:title\" content=\"Flora cotton - Hemsl\u00f6jden i Sk\u00e5nes butik\" \/>\n<meta property=\"og:description\" content=\"Tunt broderigarn i 100% bomull. 20 m i varje docka.&nbsp; T\u00e4nk p\u00e5 att f\u00e4rg\u00e5tergivningen p\u00e5 sk\u00e4rm inte alltid st\u00e4mmer \u00f6verrens med verkligheten.\" \/>\n<meta property=\"og:url\" content=\"https:\/\/hemslojdeniskanesbutik.se\/en\/produkt\/flora-cotton\/\" \/>\n<meta property=\"og:site_name\" content=\"Hemsl\u00f6jden i Sk\u00e5nes butik\" \/>\n<meta property=\"article:publisher\" content=\"http:\/\/facebook.com\/hemslojdenskaneAB\" \/>\n<meta name=\"twitter:card\" content=\"summary_large_image\" \/>\n<script type=\"application\/ld+json\" class=\"yoast-schema-graph\">{\"@context\":\"https:\\\/\\\/schema.org\",\"@graph\":[{\"@type\":\"WebPage\",\"@id\":\"https:\\\/\\\/hemslojdeniskanesbutik.se\\\/en\\\/produkt\\\/flora-cotton\\\/\",\"url\":\"https:\\\/\\\/hemslojdeniskanesbutik.se\\\/en\\\/produkt\\\/flora-cotton\\\/\",\"name\":\"Flora cotton - Hemsl\u00f6jden i Sk\u00e5nes butik\",\"isPartOf\":{\"@id\":\"https:\\\/\\\/hemslojdeniskanesbutik.se\\\/en\\\/#website\"},\"primaryImageOfPage\":{\"@id\":\"https:\\\/\\\/hemslojdeniskanesbutik.se\\\/en\\\/produkt\\\/flora-cotton\\\/#primaryimage\"},\"image\":{\"@id\":\"https:\\\/\\\/hemslojdeniskanesbutik.se\\\/en\\\/produkt\\\/flora-cotton\\\/#primaryimage\"},\"thumbnailUrl\":\"https:\\\/\\\/hemslojdeniskanesbutik.se\\\/wp-content\\\/uploads\\\/2020\\\/08\\\/flora-cotton-1-scaled.jpg\",\"datePublished\":\"2021-03-25T13:49:14+00:00\",\"breadcrumb\":{\"@id\":\"https:\\\/\\\/hemslojdeniskanesbutik.se\\\/en\\\/produkt\\\/flora-cotton\\\/#breadcrumb\"},\"inLanguage\":\"en-US\",\"potentialAction\":[{\"@type\":\"ReadAction\",\"target\":[\"https:\\\/\\\/hemslojdeniskanesbutik.se\\\/en\\\/produkt\\\/flora-cotton\\\/\"]}]},{\"@type\":\"ImageObject\",\"inLanguage\":\"en-US\",\"@id\":\"https:\\\/\\\/hemslojdeniskanesbutik.se\\\/en\\\/produkt\\\/flora-cotton\\\/#primaryimage\",\"url\":\"https:\\\/\\\/hemslojdeniskanesbutik.se\\\/wp-content\\\/uploads\\\/2020\\\/08\\\/flora-cotton-1-scaled.jpg\",\"contentUrl\":\"https:\\\/\\\/hemslojdeniskanesbutik.se\\\/wp-content\\\/uploads\\\/2020\\\/08\\\/flora-cotton-1-scaled.jpg\",\"width\":2560,\"height\":2560},{\"@type\":\"BreadcrumbList\",\"@id\":\"https:\\\/\\\/hemslojdeniskanesbutik.se\\\/en\\\/produkt\\\/flora-cotton\\\/#breadcrumb\",\"itemListElement\":[{\"@type\":\"ListItem\",\"position\":1,\"name\":\"Start\",\"item\":\"https:\\\/\\\/hemslojdeniskanesbutik.se\\\/en\\\/\"},{\"@type\":\"ListItem\",\"position\":2,\"name\":\"Shop\",\"item\":\"https:\\\/\\\/hemslojdeniskanesbutik.se\\\/en\\\/shop\\\/\"},{\"@type\":\"ListItem\",\"position\":3,\"name\":\"Flora cotton\"}]},{\"@type\":\"WebSite\",\"@id\":\"https:\\\/\\\/hemslojdeniskanesbutik.se\\\/en\\\/#website\",\"url\":\"https:\\\/\\\/hemslojdeniskanesbutik.se\\\/en\\\/\",\"name\":\"Hemsl\u00f6jden i Sk\u00e5nes butik\",\"description\":\"Hemsl\u00f6jden i Sk\u00e5nes butik\",\"publisher\":{\"@id\":\"https:\\\/\\\/hemslojdeniskanesbutik.se\\\/en\\\/#organization\"},\"potentialAction\":[{\"@type\":\"SearchAction\",\"target\":{\"@type\":\"EntryPoint\",\"urlTemplate\":\"https:\\\/\\\/hemslojdeniskanesbutik.se\\\/en\\\/?s={search_term_string}\"},\"query-input\":{\"@type\":\"PropertyValueSpecification\",\"valueRequired\":true,\"valueName\":\"search_term_string\"}}],\"inLanguage\":\"en-US\"},{\"@type\":\"Organization\",\"@id\":\"https:\\\/\\\/hemslojdeniskanesbutik.se\\\/en\\\/#organization\",\"name\":\"Hemsl\u00f6jden i Sk\u00e5nes butik\",\"url\":\"https:\\\/\\\/hemslojdeniskanesbutik.se\\\/en\\\/\",\"logo\":{\"@type\":\"ImageObject\",\"inLanguage\":\"en-US\",\"@id\":\"https:\\\/\\\/hemslojdeniskanesbutik.se\\\/en\\\/#\\\/schema\\\/logo\\\/image\\\/\",\"url\":\"https:\\\/\\\/hemslojdeniskanesbutik.se\\\/wp-content\\\/uploads\\\/2021\\\/03\\\/hemslojden_logotyp_liggande_positiv_farg_rgb_highres.png\",\"contentUrl\":\"https:\\\/\\\/hemslojdeniskanesbutik.se\\\/wp-content\\\/uploads\\\/2021\\\/03\\\/hemslojden_logotyp_liggande_positiv_farg_rgb_highres.png\",\"width\":2737,\"height\":641,\"caption\":\"Hemsl\u00f6jden i Sk\u00e5nes butik\"},\"image\":{\"@id\":\"https:\\\/\\\/hemslojdeniskanesbutik.se\\\/en\\\/#\\\/schema\\\/logo\\\/image\\\/\"},\"sameAs\":[\"http:\\\/\\\/facebook.com\\\/hemslojdenskaneAB\",\"http:\\\/\\\/youtube.com\\\/slojdiskane\",\"https:\\\/\\\/www.instagram.com\\\/hemslojdeniskane\"]}]}<\/script>\n<!-- \/ Yoast SEO plugin. -->","yoast_head_json":{"title":"Flora cotton - Hemsl\u00f6jden i Sk\u00e5nes butik","robots":{"index":"index","follow":"follow","max-snippet":"max-snippet:-1","max-image-preview":"max-image-preview:large","max-video-preview":"max-video-preview:-1"},"canonical":"https:\/\/hemslojdeniskanesbutik.se\/en\/produkt\/flora-cotton\/","og_locale":"en_US","og_type":"article","og_title":"Flora cotton - Hemsl\u00f6jden i Sk\u00e5nes butik","og_description":"Tunt broderigarn i 100% bomull. 20 m i varje docka.&nbsp; T\u00e4nk p\u00e5 att f\u00e4rg\u00e5tergivningen p\u00e5 sk\u00e4rm inte alltid st\u00e4mmer \u00f6verrens med verkligheten.","og_url":"https:\/\/hemslojdeniskanesbutik.se\/en\/produkt\/flora-cotton\/","og_site_name":"Hemsl\u00f6jden i Sk\u00e5nes butik","article_publisher":"http:\/\/facebook.com\/hemslojdenskaneAB","twitter_card":"summary_large_image","schema":{"@context":"https:\/\/schema.org","@graph":[{"@type":"WebPage","@id":"https:\/\/hemslojdeniskanesbutik.se\/en\/produkt\/flora-cotton\/","url":"https:\/\/hemslojdeniskanesbutik.se\/en\/produkt\/flora-cotton\/","name":"Flora cotton - Hemsl\u00f6jden i Sk\u00e5nes butik","isPartOf":{"@id":"https:\/\/hemslojdeniskanesbutik.se\/en\/#website"},"primaryImageOfPage":{"@id":"https:\/\/hemslojdeniskanesbutik.se\/en\/produkt\/flora-cotton\/#primaryimage"},"image":{"@id":"https:\/\/hemslojdeniskanesbutik.se\/en\/produkt\/flora-cotton\/#primaryimage"},"thumbnailUrl":"https:\/\/hemslojdeniskanesbutik.se\/wp-content\/uploads\/2020\/08\/flora-cotton-1-scaled.jpg","datePublished":"2021-03-25T13:49:14+00:00","breadcrumb":{"@id":"https:\/\/hemslojdeniskanesbutik.se\/en\/produkt\/flora-cotton\/#breadcrumb"},"inLanguage":"en-US","potentialAction":[{"@type":"ReadAction","target":["https:\/\/hemslojdeniskanesbutik.se\/en\/produkt\/flora-cotton\/"]}]},{"@type":"ImageObject","inLanguage":"en-US","@id":"https:\/\/hemslojdeniskanesbutik.se\/en\/produkt\/flora-cotton\/#primaryimage","url":"https:\/\/hemslojdeniskanesbutik.se\/wp-content\/uploads\/2020\/08\/flora-cotton-1-scaled.jpg","contentUrl":"https:\/\/hemslojdeniskanesbutik.se\/wp-content\/uploads\/2020\/08\/flora-cotton-1-scaled.jpg","width":2560,"height":2560},{"@type":"BreadcrumbList","@id":"https:\/\/hemslojdeniskanesbutik.se\/en\/produkt\/flora-cotton\/#breadcrumb","itemListElement":[{"@type":"ListItem","position":1,"name":"Start","item":"https:\/\/hemslojdeniskanesbutik.se\/en\/"},{"@type":"ListItem","position":2,"name":"Shop","item":"https:\/\/hemslojdeniskanesbutik.se\/en\/shop\/"},{"@type":"ListItem","position":3,"name":"Flora cotton"}]},{"@type":"WebSite","@id":"https:\/\/hemslojdeniskanesbutik.se\/en\/#website","url":"https:\/\/hemslojdeniskanesbutik.se\/en\/","name":"Hemsl\u00f6jden i Sk\u00e5nes butik","description":"Hemsl\u00f6jden i Sk\u00e5nes butik","publisher":{"@id":"https:\/\/hemslojdeniskanesbutik.se\/en\/#organization"},"potentialAction":[{"@type":"SearchAction","target":{"@type":"EntryPoint","urlTemplate":"https:\/\/hemslojdeniskanesbutik.se\/en\/?s={search_term_string}"},"query-input":{"@type":"PropertyValueSpecification","valueRequired":true,"valueName":"search_term_string"}}],"inLanguage":"en-US"},{"@type":"Organization","@id":"https:\/\/hemslojdeniskanesbutik.se\/en\/#organization","name":"Hemsl\u00f6jden i Sk\u00e5nes butik","url":"https:\/\/hemslojdeniskanesbutik.se\/en\/","logo":{"@type":"ImageObject","inLanguage":"en-US","@id":"https:\/\/hemslojdeniskanesbutik.se\/en\/#\/schema\/logo\/image\/","url":"https:\/\/hemslojdeniskanesbutik.se\/wp-content\/uploads\/2021\/03\/hemslojden_logotyp_liggande_positiv_farg_rgb_highres.png","contentUrl":"https:\/\/hemslojdeniskanesbutik.se\/wp-content\/uploads\/2021\/03\/hemslojden_logotyp_liggande_positiv_farg_rgb_highres.png","width":2737,"height":641,"caption":"Hemsl\u00f6jden i Sk\u00e5nes butik"},"image":{"@id":"https:\/\/hemslojdeniskanesbutik.se\/en\/#\/schema\/logo\/image\/"},"sameAs":["http:\/\/facebook.com\/hemslojdenskaneAB","http:\/\/youtube.com\/slojdiskane","https:\/\/www.instagram.com\/hemslojdeniskane"]}]}},"taxonomy_info":{"product_cat":[{"value":884,"label":"Embroidery Yarns"}],"pa_fargnummer":[{"value":246,"label":"101"},{"value":124,"label":"102"},{"value":111,"label":"103"},{"value":128,"label":"104"},{"value":126,"label":"105"},{"value":165,"label":"106"},{"value":231,"label":"107"},{"value":215,"label":"108"},{"value":177,"label":"109"},{"value":180,"label":"110"},{"value":211,"label":"111"},{"value":169,"label":"112"},{"value":114,"label":"113"},{"value":253,"label":"114"},{"value":255,"label":"115"},{"value":254,"label":"116"},{"value":228,"label":"117"},{"value":190,"label":"118"},{"value":245,"label":"120"},{"value":240,"label":"121"},{"value":154,"label":"122"},{"value":157,"label":"123"},{"value":161,"label":"124"},{"value":251,"label":"126"},{"value":196,"label":"127"},{"value":171,"label":"128"},{"value":229,"label":"129"},{"value":127,"label":"130"},{"value":198,"label":"132"},{"value":244,"label":"133"},{"value":160,"label":"134"},{"value":195,"label":"135"},{"value":241,"label":"136"},{"value":122,"label":"138"},{"value":210,"label":"140"},{"value":209,"label":"141"},{"value":227,"label":"147"},{"value":197,"label":"148"},{"value":224,"label":"149"},{"value":223,"label":"154"},{"value":226,"label":"155"},{"value":222,"label":"156"},{"value":221,"label":"157"},{"value":109,"label":"169"},{"value":110,"label":"170"},{"value":115,"label":"187"},{"value":113,"label":"189"},{"value":218,"label":"194"},{"value":217,"label":"196"},{"value":256,"label":"197"},{"value":116,"label":"198"},{"value":178,"label":"200"},{"value":206,"label":"201"},{"value":208,"label":"202"},{"value":257,"label":"214"},{"value":225,"label":"224"},{"value":213,"label":"248"},{"value":431,"label":"302"},{"value":189,"label":"303"},{"value":232,"label":"304"},{"value":123,"label":"306"},{"value":235,"label":"307"},{"value":179,"label":"311"},{"value":176,"label":"312"},{"value":236,"label":"313"},{"value":249,"label":"314"},{"value":252,"label":"315"},{"value":230,"label":"316"},{"value":247,"label":"317"},{"value":237,"label":"319"},{"value":152,"label":"321"},{"value":214,"label":"323"},{"value":212,"label":"324"},{"value":432,"label":"325"},{"value":234,"label":"326"},{"value":182,"label":"327"},{"value":158,"label":"328"},{"value":155,"label":"329"},{"value":153,"label":"330"},{"value":163,"label":"331"},{"value":181,"label":"332"},{"value":173,"label":"333"},{"value":167,"label":"334"},{"value":166,"label":"335"},{"value":174,"label":"336"},{"value":233,"label":"337"},{"value":202,"label":"338"},{"value":205,"label":"339"},{"value":239,"label":"340"},{"value":238,"label":"341"},{"value":250,"label":"351"},{"value":248,"label":"352"},{"value":175,"label":"403"},{"value":242,"label":"404"},{"value":159,"label":"405"},{"value":433,"label":"407"},{"value":125,"label":"424"},{"value":172,"label":"427"},{"value":170,"label":"429"},{"value":168,"label":"433"},{"value":164,"label":"434"},{"value":162,"label":"435"},{"value":194,"label":"440"},{"value":193,"label":"441"},{"value":192,"label":"442"},{"value":191,"label":"443"},{"value":207,"label":"450"},{"value":204,"label":"451"},{"value":201,"label":"452"},{"value":117,"label":"501"},{"value":429,"label":"502"},{"value":430,"label":"503"},{"value":118,"label":"504"},{"value":119,"label":"505"},{"value":120,"label":"506"},{"value":121,"label":"507"},{"value":216,"label":"512"},{"value":219,"label":"601"},{"value":112,"label":"604"},{"value":220,"label":"605"},{"value":200,"label":"606"},{"value":203,"label":"607"},{"value":199,"label":"608"},{"value":188,"label":"609"},{"value":183,"label":"610"},{"value":187,"label":"611"},{"value":186,"label":"612"},{"value":185,"label":"613"},{"value":184,"label":"614"},{"value":243,"label":"701"}]},"featured_image_src_large":["https:\/\/hemslojdeniskanesbutik.se\/wp-content\/uploads\/2020\/08\/flora-cotton-1-1024x1024.jpg",1024,1024,true],"author_info":[],"comment_info":"","_links":{"self":[{"href":"https:\/\/hemslojdeniskanesbutik.se\/en\/wp-json\/wp\/v2\/product\/10377","targetHints":{"allow":["GET"]}}],"collection":[{"href":"https:\/\/hemslojdeniskanesbutik.se\/en\/wp-json\/wp\/v2\/product"}],"about":[{"href":"https:\/\/hemslojdeniskanesbutik.se\/en\/wp-json\/wp\/v2\/types\/product"}],"wp:featuredmedia":[{"embeddable":true,"href":"https:\/\/hemslojdeniskanesbutik.se\/en\/wp-json\/wp\/v2\/media\/8520"}],"wp:attachment":[{"href":"https:\/\/hemslojdeniskanesbutik.se\/en\/wp-json\/wp\/v2\/media?parent=10377"}],"wp:term":[{"taxonomy":"product_brand","embeddable":true,"href":"https:\/\/hemslojdeniskanesbutik.se\/en\/wp-json\/wp\/v2\/product_brand?post=10377"},{"taxonomy":"product_cat","embeddable":true,"href":"https:\/\/hemslojdeniskanesbutik.se\/en\/wp-json\/wp\/v2\/product_cat?post=10377"},{"taxonomy":"product_tag","embeddable":true,"href":"https:\/\/hemslojdeniskanesbutik.se\/en\/wp-json\/wp\/v2\/product_tag?post=10377"}],"curies":[{"name":"wp","href":"https:\/\/api.w.org\/{rel}","templated":true}]}}