{"id":10129,"date":"2020-11-11T16:19:05","date_gmt":"2020-11-11T15:19:05","guid":{"rendered":"https:\/\/hemslojdeniskanesbutik.se\/produkt\/ljusstake-parhast-gron-2\/"},"modified":"2024-11-13T13:56:58","modified_gmt":"2024-11-13T12:56:58","slug":"ljusstake-parhast-gron-2","status":"publish","type":"product","link":"https:\/\/hemslojdeniskanesbutik.se\/en\/produkt\/ljusstake-parhast-gron-2\/","title":{"rendered":"Ljusstake &#8211; parh\u00e4st gr\u00f6n"},"content":{"rendered":"<p>H\u00e4stljusstake i tr\u00e4 fr\u00e5n Konsthantverk Lindqvist i S\u00f6lvesborg. Passar fint som adventsljusstake.<\/p>\n","protected":false},"excerpt":{"rendered":"<p>Ljusstake i tr\u00e4 f\u00f6r fyra ljus<br \/>\nVit och gr\u00f6n<br \/>\nH\u00f6jd :200 mm<br \/>\nL\u00e4ngd: 450 mm<\/p>\n","protected":false},"featured_media":8698,"template":"","meta":{"_kad_blocks_custom_css":"","_kad_blocks_head_custom_js":"","_kad_blocks_body_custom_js":"","_kad_blocks_footer_custom_js":"","_kad_post_transparent":"","_kad_post_title":"","_kad_post_layout":"","_kad_post_sidebar_id":"","_kad_post_content_style":"","_kad_post_vertical_padding":"","_kad_post_feature":"","_kad_post_feature_position":"","_kad_post_header":false,"_kad_post_footer":false,"_kad_post_classname":""},"product_brand":[],"product_cat":[882],"product_tag":[],"class_list":{"0":"post-10129","1":"product","2":"type-product","3":"status-publish","4":"has-post-thumbnail","6":"product_cat-christmas","8":"first","9":"outofstock","10":"taxable","11":"shipping-taxable","12":"purchasable","13":"product-type-simple","14":"entry","15":"content-bg","16":"loop-entry"},"yoast_head":"<!-- This site is optimized with the Yoast SEO plugin v27.2 - https:\/\/yoast.com\/product\/yoast-seo-wordpress\/ -->\n<title>Ljusstake - parh\u00e4st gr\u00f6n - Hemsl\u00f6jden i Sk\u00e5nes butik<\/title>\n<meta name=\"robots\" content=\"index, follow, max-snippet:-1, max-image-preview:large, max-video-preview:-1\" \/>\n<link rel=\"canonical\" href=\"https:\/\/hemslojdeniskanesbutik.se\/en\/produkt\/ljusstake-parhast-gron-2\/\" \/>\n<meta property=\"og:locale\" content=\"en_US\" \/>\n<meta property=\"og:type\" content=\"article\" \/>\n<meta property=\"og:title\" content=\"Ljusstake - parh\u00e4st gr\u00f6n - Hemsl\u00f6jden i Sk\u00e5nes butik\" \/>\n<meta property=\"og:description\" content=\"Ljusstake i tr\u00e4 f\u00f6r fyra ljus Vit och gr\u00f6n H\u00f6jd :200 mm L\u00e4ngd: 450 mm\" \/>\n<meta property=\"og:url\" content=\"https:\/\/hemslojdeniskanesbutik.se\/en\/produkt\/ljusstake-parhast-gron-2\/\" \/>\n<meta property=\"og:site_name\" content=\"Hemsl\u00f6jden i Sk\u00e5nes butik\" \/>\n<meta property=\"article:publisher\" content=\"http:\/\/facebook.com\/hemslojdenskaneAB\" \/>\n<meta property=\"article:modified_time\" content=\"2024-11-13T12:56:58+00:00\" \/>\n<meta property=\"og:image\" content=\"https:\/\/hemslojdeniskanesbutik.se\/wp-content\/uploads\/2020\/11\/DSC_4820.jpg\" \/>\n\t<meta property=\"og:image:width\" content=\"1500\" \/>\n\t<meta property=\"og:image:height\" content=\"1000\" \/>\n\t<meta property=\"og:image:type\" content=\"image\/jpeg\" \/>\n<meta name=\"twitter:card\" content=\"summary_large_image\" \/>\n<script type=\"application\/ld+json\" class=\"yoast-schema-graph\">{\"@context\":\"https:\/\/schema.org\",\"@graph\":[{\"@type\":\"WebPage\",\"@id\":\"https:\/\/hemslojdeniskanesbutik.se\/en\/produkt\/ljusstake-parhast-gron-2\/\",\"url\":\"https:\/\/hemslojdeniskanesbutik.se\/en\/produkt\/ljusstake-parhast-gron-2\/\",\"name\":\"Ljusstake - parh\u00e4st gr\u00f6n - Hemsl\u00f6jden i Sk\u00e5nes butik\",\"isPartOf\":{\"@id\":\"https:\/\/hemslojdeniskanesbutik.se\/en\/#website\"},\"primaryImageOfPage\":{\"@id\":\"https:\/\/hemslojdeniskanesbutik.se\/en\/produkt\/ljusstake-parhast-gron-2\/#primaryimage\"},\"image\":{\"@id\":\"https:\/\/hemslojdeniskanesbutik.se\/en\/produkt\/ljusstake-parhast-gron-2\/#primaryimage\"},\"thumbnailUrl\":\"https:\/\/hemslojdeniskanesbutik.se\/wp-content\/uploads\/2020\/11\/DSC_4820.jpg\",\"datePublished\":\"2020-11-11T15:19:05+00:00\",\"dateModified\":\"2024-11-13T12:56:58+00:00\",\"breadcrumb\":{\"@id\":\"https:\/\/hemslojdeniskanesbutik.se\/en\/produkt\/ljusstake-parhast-gron-2\/#breadcrumb\"},\"inLanguage\":\"en-US\",\"potentialAction\":[{\"@type\":\"ReadAction\",\"target\":[\"https:\/\/hemslojdeniskanesbutik.se\/en\/produkt\/ljusstake-parhast-gron-2\/\"]}]},{\"@type\":\"ImageObject\",\"inLanguage\":\"en-US\",\"@id\":\"https:\/\/hemslojdeniskanesbutik.se\/en\/produkt\/ljusstake-parhast-gron-2\/#primaryimage\",\"url\":\"https:\/\/hemslojdeniskanesbutik.se\/wp-content\/uploads\/2020\/11\/DSC_4820.jpg\",\"contentUrl\":\"https:\/\/hemslojdeniskanesbutik.se\/wp-content\/uploads\/2020\/11\/DSC_4820.jpg\",\"width\":1500,\"height\":1000},{\"@type\":\"BreadcrumbList\",\"@id\":\"https:\/\/hemslojdeniskanesbutik.se\/en\/produkt\/ljusstake-parhast-gron-2\/#breadcrumb\",\"itemListElement\":[{\"@type\":\"ListItem\",\"position\":1,\"name\":\"Start\",\"item\":\"https:\/\/hemslojdeniskanesbutik.se\/en\/\"},{\"@type\":\"ListItem\",\"position\":2,\"name\":\"Shop\",\"item\":\"https:\/\/hemslojdeniskanesbutik.se\/en\/shop\/\"},{\"@type\":\"ListItem\",\"position\":3,\"name\":\"Christmas\",\"item\":\"https:\/\/hemslojdeniskanesbutik.se\/en\/product-category\/christmas\/\"},{\"@type\":\"ListItem\",\"position\":4,\"name\":\"Ljusstake &#8211; parh\u00e4st gr\u00f6n\"}]},{\"@type\":\"WebSite\",\"@id\":\"https:\/\/hemslojdeniskanesbutik.se\/en\/#website\",\"url\":\"https:\/\/hemslojdeniskanesbutik.se\/en\/\",\"name\":\"Hemsl\u00f6jden i Sk\u00e5nes butik\",\"description\":\"Hemsl\u00f6jden i Sk\u00e5nes butik\",\"publisher\":{\"@id\":\"https:\/\/hemslojdeniskanesbutik.se\/en\/#organization\"},\"potentialAction\":[{\"@type\":\"SearchAction\",\"target\":{\"@type\":\"EntryPoint\",\"urlTemplate\":\"https:\/\/hemslojdeniskanesbutik.se\/en\/?s={search_term_string}\"},\"query-input\":{\"@type\":\"PropertyValueSpecification\",\"valueRequired\":true,\"valueName\":\"search_term_string\"}}],\"inLanguage\":\"en-US\"},{\"@type\":\"Organization\",\"@id\":\"https:\/\/hemslojdeniskanesbutik.se\/en\/#organization\",\"name\":\"Hemsl\u00f6jden i Sk\u00e5nes butik\",\"url\":\"https:\/\/hemslojdeniskanesbutik.se\/en\/\",\"logo\":{\"@type\":\"ImageObject\",\"inLanguage\":\"en-US\",\"@id\":\"https:\/\/hemslojdeniskanesbutik.se\/en\/#\/schema\/logo\/image\/\",\"url\":\"https:\/\/hemslojdeniskanesbutik.se\/wp-content\/uploads\/2021\/03\/hemslojden_logotyp_liggande_positiv_farg_rgb_highres.png\",\"contentUrl\":\"https:\/\/hemslojdeniskanesbutik.se\/wp-content\/uploads\/2021\/03\/hemslojden_logotyp_liggande_positiv_farg_rgb_highres.png\",\"width\":2737,\"height\":641,\"caption\":\"Hemsl\u00f6jden i Sk\u00e5nes butik\"},\"image\":{\"@id\":\"https:\/\/hemslojdeniskanesbutik.se\/en\/#\/schema\/logo\/image\/\"},\"sameAs\":[\"http:\/\/facebook.com\/hemslojdenskaneAB\",\"http:\/\/youtube.com\/slojdiskane\",\"https:\/\/www.instagram.com\/hemslojdeniskane\"]}]}<\/script>\n<!-- \/ Yoast SEO plugin. -->","yoast_head_json":{"title":"Ljusstake - parh\u00e4st gr\u00f6n - Hemsl\u00f6jden i Sk\u00e5nes butik","robots":{"index":"index","follow":"follow","max-snippet":"max-snippet:-1","max-image-preview":"max-image-preview:large","max-video-preview":"max-video-preview:-1"},"canonical":"https:\/\/hemslojdeniskanesbutik.se\/en\/produkt\/ljusstake-parhast-gron-2\/","og_locale":"en_US","og_type":"article","og_title":"Ljusstake - parh\u00e4st gr\u00f6n - Hemsl\u00f6jden i Sk\u00e5nes butik","og_description":"Ljusstake i tr\u00e4 f\u00f6r fyra ljus Vit och gr\u00f6n H\u00f6jd :200 mm L\u00e4ngd: 450 mm","og_url":"https:\/\/hemslojdeniskanesbutik.se\/en\/produkt\/ljusstake-parhast-gron-2\/","og_site_name":"Hemsl\u00f6jden i Sk\u00e5nes butik","article_publisher":"http:\/\/facebook.com\/hemslojdenskaneAB","article_modified_time":"2024-11-13T12:56:58+00:00","og_image":[{"width":1500,"height":1000,"url":"https:\/\/hemslojdeniskanesbutik.se\/wp-content\/uploads\/2020\/11\/DSC_4820.jpg","type":"image\/jpeg"}],"twitter_card":"summary_large_image","schema":{"@context":"https:\/\/schema.org","@graph":[{"@type":"WebPage","@id":"https:\/\/hemslojdeniskanesbutik.se\/en\/produkt\/ljusstake-parhast-gron-2\/","url":"https:\/\/hemslojdeniskanesbutik.se\/en\/produkt\/ljusstake-parhast-gron-2\/","name":"Ljusstake - parh\u00e4st gr\u00f6n - Hemsl\u00f6jden i Sk\u00e5nes butik","isPartOf":{"@id":"https:\/\/hemslojdeniskanesbutik.se\/en\/#website"},"primaryImageOfPage":{"@id":"https:\/\/hemslojdeniskanesbutik.se\/en\/produkt\/ljusstake-parhast-gron-2\/#primaryimage"},"image":{"@id":"https:\/\/hemslojdeniskanesbutik.se\/en\/produkt\/ljusstake-parhast-gron-2\/#primaryimage"},"thumbnailUrl":"https:\/\/hemslojdeniskanesbutik.se\/wp-content\/uploads\/2020\/11\/DSC_4820.jpg","datePublished":"2020-11-11T15:19:05+00:00","dateModified":"2024-11-13T12:56:58+00:00","breadcrumb":{"@id":"https:\/\/hemslojdeniskanesbutik.se\/en\/produkt\/ljusstake-parhast-gron-2\/#breadcrumb"},"inLanguage":"en-US","potentialAction":[{"@type":"ReadAction","target":["https:\/\/hemslojdeniskanesbutik.se\/en\/produkt\/ljusstake-parhast-gron-2\/"]}]},{"@type":"ImageObject","inLanguage":"en-US","@id":"https:\/\/hemslojdeniskanesbutik.se\/en\/produkt\/ljusstake-parhast-gron-2\/#primaryimage","url":"https:\/\/hemslojdeniskanesbutik.se\/wp-content\/uploads\/2020\/11\/DSC_4820.jpg","contentUrl":"https:\/\/hemslojdeniskanesbutik.se\/wp-content\/uploads\/2020\/11\/DSC_4820.jpg","width":1500,"height":1000},{"@type":"BreadcrumbList","@id":"https:\/\/hemslojdeniskanesbutik.se\/en\/produkt\/ljusstake-parhast-gron-2\/#breadcrumb","itemListElement":[{"@type":"ListItem","position":1,"name":"Start","item":"https:\/\/hemslojdeniskanesbutik.se\/en\/"},{"@type":"ListItem","position":2,"name":"Shop","item":"https:\/\/hemslojdeniskanesbutik.se\/en\/shop\/"},{"@type":"ListItem","position":3,"name":"Christmas","item":"https:\/\/hemslojdeniskanesbutik.se\/en\/product-category\/christmas\/"},{"@type":"ListItem","position":4,"name":"Ljusstake &#8211; parh\u00e4st gr\u00f6n"}]},{"@type":"WebSite","@id":"https:\/\/hemslojdeniskanesbutik.se\/en\/#website","url":"https:\/\/hemslojdeniskanesbutik.se\/en\/","name":"Hemsl\u00f6jden i Sk\u00e5nes butik","description":"Hemsl\u00f6jden i Sk\u00e5nes butik","publisher":{"@id":"https:\/\/hemslojdeniskanesbutik.se\/en\/#organization"},"potentialAction":[{"@type":"SearchAction","target":{"@type":"EntryPoint","urlTemplate":"https:\/\/hemslojdeniskanesbutik.se\/en\/?s={search_term_string}"},"query-input":{"@type":"PropertyValueSpecification","valueRequired":true,"valueName":"search_term_string"}}],"inLanguage":"en-US"},{"@type":"Organization","@id":"https:\/\/hemslojdeniskanesbutik.se\/en\/#organization","name":"Hemsl\u00f6jden i Sk\u00e5nes butik","url":"https:\/\/hemslojdeniskanesbutik.se\/en\/","logo":{"@type":"ImageObject","inLanguage":"en-US","@id":"https:\/\/hemslojdeniskanesbutik.se\/en\/#\/schema\/logo\/image\/","url":"https:\/\/hemslojdeniskanesbutik.se\/wp-content\/uploads\/2021\/03\/hemslojden_logotyp_liggande_positiv_farg_rgb_highres.png","contentUrl":"https:\/\/hemslojdeniskanesbutik.se\/wp-content\/uploads\/2021\/03\/hemslojden_logotyp_liggande_positiv_farg_rgb_highres.png","width":2737,"height":641,"caption":"Hemsl\u00f6jden i Sk\u00e5nes butik"},"image":{"@id":"https:\/\/hemslojdeniskanesbutik.se\/en\/#\/schema\/logo\/image\/"},"sameAs":["http:\/\/facebook.com\/hemslojdenskaneAB","http:\/\/youtube.com\/slojdiskane","https:\/\/www.instagram.com\/hemslojdeniskane"]}]}},"taxonomy_info":{"product_cat":[{"value":882,"label":"Christmas"}]},"featured_image_src_large":["https:\/\/hemslojdeniskanesbutik.se\/wp-content\/uploads\/2020\/11\/DSC_4820-1024x683.jpg",1024,683,true],"author_info":[],"comment_info":"","_links":{"self":[{"href":"https:\/\/hemslojdeniskanesbutik.se\/en\/wp-json\/wp\/v2\/product\/10129","targetHints":{"allow":["GET"]}}],"collection":[{"href":"https:\/\/hemslojdeniskanesbutik.se\/en\/wp-json\/wp\/v2\/product"}],"about":[{"href":"https:\/\/hemslojdeniskanesbutik.se\/en\/wp-json\/wp\/v2\/types\/product"}],"wp:featuredmedia":[{"embeddable":true,"href":"https:\/\/hemslojdeniskanesbutik.se\/en\/wp-json\/wp\/v2\/media\/8698"}],"wp:attachment":[{"href":"https:\/\/hemslojdeniskanesbutik.se\/en\/wp-json\/wp\/v2\/media?parent=10129"}],"wp:term":[{"taxonomy":"product_brand","embeddable":true,"href":"https:\/\/hemslojdeniskanesbutik.se\/en\/wp-json\/wp\/v2\/product_brand?post=10129"},{"taxonomy":"product_cat","embeddable":true,"href":"https:\/\/hemslojdeniskanesbutik.se\/en\/wp-json\/wp\/v2\/product_cat?post=10129"},{"taxonomy":"product_tag","embeddable":true,"href":"https:\/\/hemslojdeniskanesbutik.se\/en\/wp-json\/wp\/v2\/product_tag?post=10129"}],"curies":[{"name":"wp","href":"https:\/\/api.w.org\/{rel}","templated":true}]}}