{"id":10058,"date":"2020-04-07T13:55:10","date_gmt":"2020-04-07T11:55:10","guid":{"rendered":"https:\/\/hemslojdeniskanesbutik.se\/produkt\/sticka-flator-2\/"},"modified":"2020-04-07T13:55:10","modified_gmt":"2020-04-07T11:55:10","slug":"sticka-flator-2","status":"publish","type":"product","link":"https:\/\/hemslojdeniskanesbutik.se\/en\/produkt\/sticka-flator-2\/","title":{"rendered":"Sticka fl\u00e4tor"},"content":{"rendered":"<p>Att sticka fl\u00e4tor \u00e4r egentligen v\u00e4ldigt enkelt, men resultatet allt annat \u00e4n banalt. Det enda du beh\u00f6ver \u00e4r en liten extrasticka, en fl\u00e4tsticka, med vars hj\u00e4lp du l\u00e5ter n\u00e5gra maskor byta plats med varandra. Det \u00e4r allt! Denna enkla teknik ger upphov till ett i det n\u00e4rmaste o\u00e4ndligt antal m\u00f6nsterm\u00f6jligheter och det \u00e4r dessutom s\u00e5 roligt.<\/p>\n<p>Fl\u00e4tstickning ger n\u00e5got stadigare, tjockare och varmare plagg, som du med lite tur kan njuta av i decennier. H\u00e4r finns beskrivningar p\u00e5 det mesta: tr\u00f6jor och koftor, halsv\u00e4rmare, pulsv\u00e4rmare, slipover, poncho, sjal, halsdukar och m\u00f6ssor. Mestadels damplagg, men \u00e4ven herr- och barnplagg. Ibland kan fl\u00e4tan vara med som en enkel, men snygg, detalj p\u00e5 ett plagg, och ibland \u00e4r hela stickningen \u00f6vers\u00e5llad av vackra varianter p\u00e5 fl\u00e4tm\u00f6nster. <i>Sticka fl\u00e4tor<\/i> inneh\u00e5ller drygt 20 beskrivningar f\u00f6r dig som kan grunderna i stickning, eller \u00e4r en ganska erfaren stickare.<\/p>\n<p>Boken inneh\u00e5ller ocks\u00e5 en fl\u00e4tstickningsskola med pedagogiska steg f\u00f6r steg-bilder som f\u00f6rklarar principerna bakom fl\u00e4tstickning och hur man kan experimentera med olika m\u00f6nster f\u00f6r att uppn\u00e5 olika effekt. Vi f\u00e5r ocks\u00e5 l\u00e4ra oss hur val av garn och fibrer, stickstorlek och garnf\u00e4rger p\u00e5verkar det f\u00e4rdiga resultatet.<\/p>\n<p>Ivar Asplund \u00e4r v\u00e4lk\u00e4nd stickdesigner och uppskattad l\u00e4rare och kursledare i stickning. Med sitt s\u00e4rskilt goda \u00f6ga till noggrant genomt\u00e4nkt design har han h\u00e4r samlat beskrivningar med klyftiga detaljer, smarta l\u00f6sningar och snygga avslutningar. Ibland \u00e4r det ju de sm\u00e5 detaljerna som g\u00f6r hela skillnaden!<\/p>\n<p>F\u00f6r att underl\u00e4tta f\u00f6r alla stickare \u00e4r boken rikt illustrerad med bilder. Vackra bilder som f\u00e5r en att l\u00e4ngta efter en ny stickning. Men ocks\u00e5 p\u00e5 detaljer av plagg, s\u00e5 att maskorna syns tydligt. Hitta din favorit i boken, s\u00e4tt dig tillr\u00e4tta i f\u00e5t\u00f6ljen och njut av att se fl\u00e4torna v\u00e4xa fram \u00f6ver stickorna.<\/p>\n","protected":false},"excerpt":{"rendered":"<p>F\u00f6rfattare: Ivar Asplund<br \/>\nUtgiven: 2017<br \/>\nAntal sidor: 159<\/p>\n","protected":false},"featured_media":8428,"template":"","meta":{"_kad_blocks_custom_css":"","_kad_blocks_head_custom_js":"","_kad_blocks_body_custom_js":"","_kad_blocks_footer_custom_js":"","_kad_post_transparent":"","_kad_post_title":"","_kad_post_layout":"","_kad_post_sidebar_id":"","_kad_post_content_style":"","_kad_post_vertical_padding":"","_kad_post_feature":"","_kad_post_feature_position":"","_kad_post_header":false,"_kad_post_footer":false,"_kad_post_classname":""},"product_brand":[],"product_cat":[883],"product_tag":[],"class_list":{"0":"post-10058","1":"product","2":"type-product","3":"status-publish","4":"has-post-thumbnail","6":"product_cat-books","8":"first","9":"outofstock","10":"taxable","11":"shipping-taxable","12":"purchasable","13":"product-type-simple","14":"entry","15":"content-bg","16":"loop-entry"},"yoast_head":"<!-- This site is optimized with the Yoast SEO plugin v27.5 - https:\/\/yoast.com\/product\/yoast-seo-wordpress\/ -->\n<title>Sticka fl\u00e4tor - Hemsl\u00f6jden i Sk\u00e5nes butik<\/title>\n<meta name=\"robots\" content=\"index, follow, max-snippet:-1, max-image-preview:large, max-video-preview:-1\" \/>\n<link rel=\"canonical\" href=\"https:\/\/hemslojdeniskanesbutik.se\/en\/produkt\/sticka-flator-2\/\" \/>\n<meta property=\"og:locale\" content=\"en_US\" \/>\n<meta property=\"og:type\" content=\"article\" \/>\n<meta property=\"og:title\" content=\"Sticka fl\u00e4tor - Hemsl\u00f6jden i Sk\u00e5nes butik\" \/>\n<meta property=\"og:description\" content=\"F\u00f6rfattare: Ivar Asplund Utgiven: 2017 Antal sidor: 159\" \/>\n<meta property=\"og:url\" content=\"https:\/\/hemslojdeniskanesbutik.se\/en\/produkt\/sticka-flator-2\/\" \/>\n<meta property=\"og:site_name\" content=\"Hemsl\u00f6jden i Sk\u00e5nes butik\" \/>\n<meta property=\"article:publisher\" content=\"http:\/\/facebook.com\/hemslojdenskaneAB\" \/>\n<meta name=\"twitter:card\" content=\"summary_large_image\" \/>\n<meta name=\"twitter:label1\" content=\"Est. reading time\" \/>\n\t<meta name=\"twitter:data1\" content=\"2 minutes\" \/>\n<script type=\"application\/ld+json\" class=\"yoast-schema-graph\">{\"@context\":\"https:\\\/\\\/schema.org\",\"@graph\":[{\"@type\":\"WebPage\",\"@id\":\"https:\\\/\\\/hemslojdeniskanesbutik.se\\\/en\\\/produkt\\\/sticka-flator-2\\\/\",\"url\":\"https:\\\/\\\/hemslojdeniskanesbutik.se\\\/en\\\/produkt\\\/sticka-flator-2\\\/\",\"name\":\"Sticka fl\u00e4tor - Hemsl\u00f6jden i Sk\u00e5nes butik\",\"isPartOf\":{\"@id\":\"https:\\\/\\\/hemslojdeniskanesbutik.se\\\/en\\\/#website\"},\"primaryImageOfPage\":{\"@id\":\"https:\\\/\\\/hemslojdeniskanesbutik.se\\\/en\\\/produkt\\\/sticka-flator-2\\\/#primaryimage\"},\"image\":{\"@id\":\"https:\\\/\\\/hemslojdeniskanesbutik.se\\\/en\\\/produkt\\\/sticka-flator-2\\\/#primaryimage\"},\"thumbnailUrl\":\"https:\\\/\\\/hemslojdeniskanesbutik.se\\\/wp-content\\\/uploads\\\/2020\\\/04\\\/stickaflator.jpg\",\"datePublished\":\"2020-04-07T11:55:10+00:00\",\"breadcrumb\":{\"@id\":\"https:\\\/\\\/hemslojdeniskanesbutik.se\\\/en\\\/produkt\\\/sticka-flator-2\\\/#breadcrumb\"},\"inLanguage\":\"en-US\",\"potentialAction\":[{\"@type\":\"ReadAction\",\"target\":[\"https:\\\/\\\/hemslojdeniskanesbutik.se\\\/en\\\/produkt\\\/sticka-flator-2\\\/\"]}]},{\"@type\":\"ImageObject\",\"inLanguage\":\"en-US\",\"@id\":\"https:\\\/\\\/hemslojdeniskanesbutik.se\\\/en\\\/produkt\\\/sticka-flator-2\\\/#primaryimage\",\"url\":\"https:\\\/\\\/hemslojdeniskanesbutik.se\\\/wp-content\\\/uploads\\\/2020\\\/04\\\/stickaflator.jpg\",\"contentUrl\":\"https:\\\/\\\/hemslojdeniskanesbutik.se\\\/wp-content\\\/uploads\\\/2020\\\/04\\\/stickaflator.jpg\",\"width\":1109,\"height\":1417},{\"@type\":\"BreadcrumbList\",\"@id\":\"https:\\\/\\\/hemslojdeniskanesbutik.se\\\/en\\\/produkt\\\/sticka-flator-2\\\/#breadcrumb\",\"itemListElement\":[{\"@type\":\"ListItem\",\"position\":1,\"name\":\"Start\",\"item\":\"https:\\\/\\\/hemslojdeniskanesbutik.se\\\/en\\\/\"},{\"@type\":\"ListItem\",\"position\":2,\"name\":\"Shop\",\"item\":\"https:\\\/\\\/hemslojdeniskanesbutik.se\\\/en\\\/shop\\\/\"},{\"@type\":\"ListItem\",\"position\":3,\"name\":\"Books\",\"item\":\"https:\\\/\\\/hemslojdeniskanesbutik.se\\\/en\\\/product-category\\\/books\\\/\"},{\"@type\":\"ListItem\",\"position\":4,\"name\":\"Sticka fl\u00e4tor\"}]},{\"@type\":\"WebSite\",\"@id\":\"https:\\\/\\\/hemslojdeniskanesbutik.se\\\/en\\\/#website\",\"url\":\"https:\\\/\\\/hemslojdeniskanesbutik.se\\\/en\\\/\",\"name\":\"Hemsl\u00f6jden i Sk\u00e5nes butik\",\"description\":\"Hemsl\u00f6jden i Sk\u00e5nes butik\",\"publisher\":{\"@id\":\"https:\\\/\\\/hemslojdeniskanesbutik.se\\\/en\\\/#organization\"},\"potentialAction\":[{\"@type\":\"SearchAction\",\"target\":{\"@type\":\"EntryPoint\",\"urlTemplate\":\"https:\\\/\\\/hemslojdeniskanesbutik.se\\\/en\\\/?s={search_term_string}\"},\"query-input\":{\"@type\":\"PropertyValueSpecification\",\"valueRequired\":true,\"valueName\":\"search_term_string\"}}],\"inLanguage\":\"en-US\"},{\"@type\":\"Organization\",\"@id\":\"https:\\\/\\\/hemslojdeniskanesbutik.se\\\/en\\\/#organization\",\"name\":\"Hemsl\u00f6jden i Sk\u00e5nes butik\",\"url\":\"https:\\\/\\\/hemslojdeniskanesbutik.se\\\/en\\\/\",\"logo\":{\"@type\":\"ImageObject\",\"inLanguage\":\"en-US\",\"@id\":\"https:\\\/\\\/hemslojdeniskanesbutik.se\\\/en\\\/#\\\/schema\\\/logo\\\/image\\\/\",\"url\":\"https:\\\/\\\/hemslojdeniskanesbutik.se\\\/wp-content\\\/uploads\\\/2021\\\/03\\\/hemslojden_logotyp_liggande_positiv_farg_rgb_highres.png\",\"contentUrl\":\"https:\\\/\\\/hemslojdeniskanesbutik.se\\\/wp-content\\\/uploads\\\/2021\\\/03\\\/hemslojden_logotyp_liggande_positiv_farg_rgb_highres.png\",\"width\":2737,\"height\":641,\"caption\":\"Hemsl\u00f6jden i Sk\u00e5nes butik\"},\"image\":{\"@id\":\"https:\\\/\\\/hemslojdeniskanesbutik.se\\\/en\\\/#\\\/schema\\\/logo\\\/image\\\/\"},\"sameAs\":[\"http:\\\/\\\/facebook.com\\\/hemslojdenskaneAB\",\"http:\\\/\\\/youtube.com\\\/slojdiskane\",\"https:\\\/\\\/www.instagram.com\\\/hemslojdeniskane\"]}]}<\/script>\n<!-- \/ Yoast SEO plugin. -->","yoast_head_json":{"title":"Sticka fl\u00e4tor - Hemsl\u00f6jden i Sk\u00e5nes butik","robots":{"index":"index","follow":"follow","max-snippet":"max-snippet:-1","max-image-preview":"max-image-preview:large","max-video-preview":"max-video-preview:-1"},"canonical":"https:\/\/hemslojdeniskanesbutik.se\/en\/produkt\/sticka-flator-2\/","og_locale":"en_US","og_type":"article","og_title":"Sticka fl\u00e4tor - Hemsl\u00f6jden i Sk\u00e5nes butik","og_description":"F\u00f6rfattare: Ivar Asplund Utgiven: 2017 Antal sidor: 159","og_url":"https:\/\/hemslojdeniskanesbutik.se\/en\/produkt\/sticka-flator-2\/","og_site_name":"Hemsl\u00f6jden i Sk\u00e5nes butik","article_publisher":"http:\/\/facebook.com\/hemslojdenskaneAB","twitter_card":"summary_large_image","twitter_misc":{"Est. reading time":"2 minutes"},"schema":{"@context":"https:\/\/schema.org","@graph":[{"@type":"WebPage","@id":"https:\/\/hemslojdeniskanesbutik.se\/en\/produkt\/sticka-flator-2\/","url":"https:\/\/hemslojdeniskanesbutik.se\/en\/produkt\/sticka-flator-2\/","name":"Sticka fl\u00e4tor - Hemsl\u00f6jden i Sk\u00e5nes butik","isPartOf":{"@id":"https:\/\/hemslojdeniskanesbutik.se\/en\/#website"},"primaryImageOfPage":{"@id":"https:\/\/hemslojdeniskanesbutik.se\/en\/produkt\/sticka-flator-2\/#primaryimage"},"image":{"@id":"https:\/\/hemslojdeniskanesbutik.se\/en\/produkt\/sticka-flator-2\/#primaryimage"},"thumbnailUrl":"https:\/\/hemslojdeniskanesbutik.se\/wp-content\/uploads\/2020\/04\/stickaflator.jpg","datePublished":"2020-04-07T11:55:10+00:00","breadcrumb":{"@id":"https:\/\/hemslojdeniskanesbutik.se\/en\/produkt\/sticka-flator-2\/#breadcrumb"},"inLanguage":"en-US","potentialAction":[{"@type":"ReadAction","target":["https:\/\/hemslojdeniskanesbutik.se\/en\/produkt\/sticka-flator-2\/"]}]},{"@type":"ImageObject","inLanguage":"en-US","@id":"https:\/\/hemslojdeniskanesbutik.se\/en\/produkt\/sticka-flator-2\/#primaryimage","url":"https:\/\/hemslojdeniskanesbutik.se\/wp-content\/uploads\/2020\/04\/stickaflator.jpg","contentUrl":"https:\/\/hemslojdeniskanesbutik.se\/wp-content\/uploads\/2020\/04\/stickaflator.jpg","width":1109,"height":1417},{"@type":"BreadcrumbList","@id":"https:\/\/hemslojdeniskanesbutik.se\/en\/produkt\/sticka-flator-2\/#breadcrumb","itemListElement":[{"@type":"ListItem","position":1,"name":"Start","item":"https:\/\/hemslojdeniskanesbutik.se\/en\/"},{"@type":"ListItem","position":2,"name":"Shop","item":"https:\/\/hemslojdeniskanesbutik.se\/en\/shop\/"},{"@type":"ListItem","position":3,"name":"Books","item":"https:\/\/hemslojdeniskanesbutik.se\/en\/product-category\/books\/"},{"@type":"ListItem","position":4,"name":"Sticka fl\u00e4tor"}]},{"@type":"WebSite","@id":"https:\/\/hemslojdeniskanesbutik.se\/en\/#website","url":"https:\/\/hemslojdeniskanesbutik.se\/en\/","name":"Hemsl\u00f6jden i Sk\u00e5nes butik","description":"Hemsl\u00f6jden i Sk\u00e5nes butik","publisher":{"@id":"https:\/\/hemslojdeniskanesbutik.se\/en\/#organization"},"potentialAction":[{"@type":"SearchAction","target":{"@type":"EntryPoint","urlTemplate":"https:\/\/hemslojdeniskanesbutik.se\/en\/?s={search_term_string}"},"query-input":{"@type":"PropertyValueSpecification","valueRequired":true,"valueName":"search_term_string"}}],"inLanguage":"en-US"},{"@type":"Organization","@id":"https:\/\/hemslojdeniskanesbutik.se\/en\/#organization","name":"Hemsl\u00f6jden i Sk\u00e5nes butik","url":"https:\/\/hemslojdeniskanesbutik.se\/en\/","logo":{"@type":"ImageObject","inLanguage":"en-US","@id":"https:\/\/hemslojdeniskanesbutik.se\/en\/#\/schema\/logo\/image\/","url":"https:\/\/hemslojdeniskanesbutik.se\/wp-content\/uploads\/2021\/03\/hemslojden_logotyp_liggande_positiv_farg_rgb_highres.png","contentUrl":"https:\/\/hemslojdeniskanesbutik.se\/wp-content\/uploads\/2021\/03\/hemslojden_logotyp_liggande_positiv_farg_rgb_highres.png","width":2737,"height":641,"caption":"Hemsl\u00f6jden i Sk\u00e5nes butik"},"image":{"@id":"https:\/\/hemslojdeniskanesbutik.se\/en\/#\/schema\/logo\/image\/"},"sameAs":["http:\/\/facebook.com\/hemslojdenskaneAB","http:\/\/youtube.com\/slojdiskane","https:\/\/www.instagram.com\/hemslojdeniskane"]}]}},"taxonomy_info":{"product_cat":[{"value":883,"label":"Books"}]},"featured_image_src_large":["https:\/\/hemslojdeniskanesbutik.se\/wp-content\/uploads\/2020\/04\/stickaflator-801x1024.jpg",801,1024,true],"author_info":[],"comment_info":"","_links":{"self":[{"href":"https:\/\/hemslojdeniskanesbutik.se\/en\/wp-json\/wp\/v2\/product\/10058","targetHints":{"allow":["GET"]}}],"collection":[{"href":"https:\/\/hemslojdeniskanesbutik.se\/en\/wp-json\/wp\/v2\/product"}],"about":[{"href":"https:\/\/hemslojdeniskanesbutik.se\/en\/wp-json\/wp\/v2\/types\/product"}],"wp:featuredmedia":[{"embeddable":true,"href":"https:\/\/hemslojdeniskanesbutik.se\/en\/wp-json\/wp\/v2\/media\/8428"}],"wp:attachment":[{"href":"https:\/\/hemslojdeniskanesbutik.se\/en\/wp-json\/wp\/v2\/media?parent=10058"}],"wp:term":[{"taxonomy":"product_brand","embeddable":true,"href":"https:\/\/hemslojdeniskanesbutik.se\/en\/wp-json\/wp\/v2\/product_brand?post=10058"},{"taxonomy":"product_cat","embeddable":true,"href":"https:\/\/hemslojdeniskanesbutik.se\/en\/wp-json\/wp\/v2\/product_cat?post=10058"},{"taxonomy":"product_tag","embeddable":true,"href":"https:\/\/hemslojdeniskanesbutik.se\/en\/wp-json\/wp\/v2\/product_tag?post=10058"}],"curies":[{"name":"wp","href":"https:\/\/api.w.org\/{rel}","templated":true}]}}