{"id":9129,"date":"2017-05-31T07:45:55","date_gmt":"2017-05-31T05:45:55","guid":{"rendered":"https:\/\/hemslojdeniskanesbutik.se\/purchase-conditions\/"},"modified":"2024-10-02T14:30:01","modified_gmt":"2024-10-02T12:30:01","slug":"purchase-conditions","status":"publish","type":"page","link":"https:\/\/hemslojdeniskanesbutik.se\/en\/purchase-conditions\/","title":{"rendered":"Purchase conditions"},"content":{"rendered":"<style>.kb-row-layout-id52_021cbd-4b > .kt-row-column-wrap{align-content:start;}:where(.kb-row-layout-id52_021cbd-4b > .kt-row-column-wrap) > .wp-block-kadence-column{justify-content:start;}.kb-row-layout-id52_021cbd-4b > .kt-row-column-wrap{column-gap:var(--global-kb-gap-md, 2rem);row-gap:var(--global-kb-gap-md, 2rem);max-width:var( --global-content-width, 1290px );padding-left:var(--global-content-edge-padding);padding-right:var(--global-content-edge-padding);padding-bottom:var(--global-kb-spacing-md, 2rem);grid-template-columns:minmax(0, 1fr);}.kb-row-layout-id52_021cbd-4b > .kt-row-layout-overlay{opacity:0.30;}@media all and (max-width: 1024px){.kb-row-layout-id52_021cbd-4b > .kt-row-column-wrap{grid-template-columns:minmax(0, 1fr);}}@media all and (max-width: 767px){.kb-row-layout-id52_021cbd-4b > .kt-row-column-wrap{grid-template-columns:minmax(0, 1fr);}}<\/style><div class=\"kb-row-layout-wrap kb-row-layout-id52_021cbd-4b alignnone wp-block-kadence-rowlayout\"><div class=\"kt-row-column-wrap kt-has-1-columns kt-row-layout-equal kt-tab-layout-inherit kt-mobile-layout-row kt-row-valign-top kb-theme-content-width\">\n<style>.kadence-column52_08a08d-80 > .kt-inside-inner-col,.kadence-column52_08a08d-80 > .kt-inside-inner-col:before{border-top-left-radius:0px;border-top-right-radius:0px;border-bottom-right-radius:0px;border-bottom-left-radius:0px;}.kadence-column52_08a08d-80 > .kt-inside-inner-col{column-gap:var(--global-kb-gap-sm, 1rem);}.kadence-column52_08a08d-80 > .kt-inside-inner-col{flex-direction:column;}.kadence-column52_08a08d-80 > .kt-inside-inner-col > .aligncenter{width:100%;}.kadence-column52_08a08d-80 > .kt-inside-inner-col{background-color:#ffffff;}.kadence-column52_08a08d-80 > .kt-inside-inner-col:before{opacity:0.3;}.kadence-column52_08a08d-80{position:relative;}@media all and (max-width: 1024px){.kadence-column52_08a08d-80 > .kt-inside-inner-col{flex-direction:column;justify-content:center;}}@media all and (max-width: 767px){.kadence-column52_08a08d-80 > .kt-inside-inner-col{flex-direction:column;justify-content:center;}}<\/style>\n<div class=\"wp-block-kadence-column kadence-column52_08a08d-80\"><div class=\"kt-inside-inner-col\"><style>.wp-block-kadence-advancedheading.kt-adv-heading52_db5e70-3c, .wp-block-kadence-advancedheading.kt-adv-heading52_db5e70-3c[data-kb-block=\"kb-adv-heading52_db5e70-3c\"]{font-size:var(--global-kb-font-size-xl, 3rem);font-style:normal;}.wp-block-kadence-advancedheading.kt-adv-heading52_db5e70-3c mark.kt-highlight, .wp-block-kadence-advancedheading.kt-adv-heading52_db5e70-3c[data-kb-block=\"kb-adv-heading52_db5e70-3c\"] mark.kt-highlight{font-style:normal;color:#f76a0c;-webkit-box-decoration-break:clone;box-decoration-break:clone;padding-top:0px;padding-right:0px;padding-bottom:0px;padding-left:0px;}.wp-block-kadence-advancedheading.kt-adv-heading52_db5e70-3c img.kb-inline-image, .wp-block-kadence-advancedheading.kt-adv-heading52_db5e70-3c[data-kb-block=\"kb-adv-heading52_db5e70-3c\"] img.kb-inline-image{width:150px;vertical-align:baseline;}<\/style>\n<h1 class=\"kt-adv-heading52_db5e70-3c wp-block-kadence-advancedheading\" data-kb-block=\"kb-adv-heading52_db5e70-3c\">Purchase conditions<\/h1>\n\n\n\n<p><strong>Ordering<\/strong><br\/>An order confirmation is automatically sent to the email address you provided at checkout. When your order has been packed and is ready to ship, you will receive an additional email from us. <\/p>\n\n\n\n<p><strong>Product information<\/strong><br\/>Typographical errors may occur, and items may be sold out. We cannot guarantee that the photographs in our webshop offer an exact representation of our products, as colors may vary slightly depending on the screen you view them on. However, we make every possible effort to show the products as accurately as possible.  <\/p>\n\n\n\n<p><strong>Method of Payment<\/strong><br\/>We use Klarna Checkout. <\/p>\n\n\n\n<p><strong>Delivery Times<\/strong><br\/>Normal delivery takes approximately a week from the time of your order. If one of the products you have ordered is temporarily sold out, the delivery time may be longer; you will receive an email from us in that case.<\/p>\n\n\n\n<p><strong>Shipping<\/strong><br\/>We ship with the Swedish Postal Service or DHL. The shipping costs within Sweden are a flat rate of 79 Swedish kronor. Shipping within the EU is 250 Swedish kronor, and the rest of the world is 400 Swedish kronor. You can also choose to pick your order up at our shop in Landskrona, which is free of charge. In that case, you must wait for an additional confirmation email when your order is ready to be picked up.   <\/p>\n\n\n\n<p><strong>Abandoned Packages<\/strong><br\/>It\u2019s important that you enter the correct shipping information. If Heml\u00f6jden i Sk\u00e5ne AB receives a returned package that was sent to an incorrect address or that was never picked up, the order will be refunded and the customer will be charged for both the original and the return shipping.  <\/p>\n\n\n\n<p><strong>The Right of Withdrawal<\/strong><br\/>Consumers in Sweden and the EU have the right, in accordance with the Distance Contracts Act, to return their purchase without indicating the reason. The product must be unused and undamaged, in the original packaging. You should always contact us before returning an item, and contact must be made within 14 days of receiving your order. After contact with us, you return your item(s) with the packing slip or a copy of it. The customer pays for return shipping. Mark the reason for return as \u201c\u00e5ngerr\u00e4tt\u201d (withdrawal). When we have received your return, we will refund the appropriate amount through Klarna. We do not refund the shipping.       <\/p>\n\n\n\n<p><strong>Return of Damaged or Incorrect Items<\/strong><br\/>Returns of damaged items should take place within a reasonable amount of time after the problem has been discovered, no longer than one year from the date of purchase. If you should receive an item that is defective or incorrect, we will replace it with the correct item free of charge. Contact us for more information about how you should proceed with such a return, so that the return is approved before you send it back.   <\/p>\n\n\n\n<p><strong>Peron data policy<\/strong><br\/>Read more about how we <a href=\"https:\/\/hemslojdeniskanesbutik.se\/en\/personal-data-policy\/\">handle your data here<\/a><\/p>\n<\/div><\/div>\n\n<\/div><\/div>","protected":false},"excerpt":{"rendered":"<p>Purchase conditions OrderingAn order confirmation is automatically sent to the email address you provided at checkout. When your order has been packed and is ready to ship, you will receive an additional email from us. Product informationTypographical errors may occur, and items may be sold out. We cannot guarantee that the photographs in our webshop&#8230;<\/p>\n","protected":false},"author":1,"featured_media":0,"parent":0,"menu_order":0,"comment_status":"open","ping_status":"open","template":"","meta":{"_kad_blocks_custom_css":"","_kad_blocks_head_custom_js":"","_kad_blocks_body_custom_js":"","_kad_blocks_footer_custom_js":"","_kad_post_transparent":"","_kad_post_title":"","_kad_post_layout":"","_kad_post_sidebar_id":"","_kad_post_content_style":"","_kad_post_vertical_padding":"","_kad_post_feature":"","_kad_post_feature_position":"","_kad_post_header":false,"_kad_post_footer":false,"_kad_post_classname":"","footnotes":""},"class_list":["post-9129","page","type-page","status-publish","hentry"],"yoast_head":"<!-- This site is optimized with the Yoast SEO plugin v27.4 - https:\/\/yoast.com\/product\/yoast-seo-wordpress\/ -->\n<title>Purchase conditions - Hemsl\u00f6jden i Sk\u00e5nes butik<\/title>\n<meta name=\"robots\" content=\"index, follow, max-snippet:-1, max-image-preview:large, max-video-preview:-1\" \/>\n<link rel=\"canonical\" href=\"https:\/\/hemslojdeniskanesbutik.se\/en\/purchase-conditions\/\" \/>\n<meta property=\"og:locale\" content=\"en_US\" \/>\n<meta property=\"og:type\" content=\"article\" \/>\n<meta property=\"og:title\" content=\"Purchase conditions - Hemsl\u00f6jden i Sk\u00e5nes butik\" \/>\n<meta property=\"og:description\" content=\"Purchase conditions OrderingAn order confirmation is automatically sent to the email address you provided at checkout. When your order has been packed and is ready to ship, you will receive an additional email from us. Product informationTypographical errors may occur, and items may be sold out. We cannot guarantee that the photographs in our webshop...\" \/>\n<meta property=\"og:url\" content=\"https:\/\/hemslojdeniskanesbutik.se\/en\/purchase-conditions\/\" \/>\n<meta property=\"og:site_name\" content=\"Hemsl\u00f6jden i Sk\u00e5nes butik\" \/>\n<meta property=\"article:publisher\" content=\"http:\/\/facebook.com\/hemslojdenskaneAB\" \/>\n<meta property=\"article:modified_time\" content=\"2024-10-02T12:30:01+00:00\" \/>\n<meta name=\"twitter:card\" content=\"summary_large_image\" \/>\n<meta name=\"twitter:label1\" content=\"Est. reading time\" \/>\n\t<meta name=\"twitter:data1\" content=\"2 minutes\" \/>\n<script type=\"application\/ld+json\" class=\"yoast-schema-graph\">{\"@context\":\"https:\\\/\\\/schema.org\",\"@graph\":[{\"@type\":\"WebPage\",\"@id\":\"https:\\\/\\\/hemslojdeniskanesbutik.se\\\/en\\\/purchase-conditions\\\/\",\"url\":\"https:\\\/\\\/hemslojdeniskanesbutik.se\\\/en\\\/purchase-conditions\\\/\",\"name\":\"Purchase conditions - Hemsl\u00f6jden i Sk\u00e5nes butik\",\"isPartOf\":{\"@id\":\"https:\\\/\\\/hemslojdeniskanesbutik.se\\\/en\\\/#website\"},\"datePublished\":\"2017-05-31T05:45:55+00:00\",\"dateModified\":\"2024-10-02T12:30:01+00:00\",\"breadcrumb\":{\"@id\":\"https:\\\/\\\/hemslojdeniskanesbutik.se\\\/en\\\/purchase-conditions\\\/#breadcrumb\"},\"inLanguage\":\"en-US\",\"potentialAction\":[{\"@type\":\"ReadAction\",\"target\":[\"https:\\\/\\\/hemslojdeniskanesbutik.se\\\/en\\\/purchase-conditions\\\/\"]}]},{\"@type\":\"BreadcrumbList\",\"@id\":\"https:\\\/\\\/hemslojdeniskanesbutik.se\\\/en\\\/purchase-conditions\\\/#breadcrumb\",\"itemListElement\":[{\"@type\":\"ListItem\",\"position\":1,\"name\":\"Start\",\"item\":\"https:\\\/\\\/hemslojdeniskanesbutik.se\\\/en\\\/\"},{\"@type\":\"ListItem\",\"position\":2,\"name\":\"Purchase conditions\"}]},{\"@type\":\"WebSite\",\"@id\":\"https:\\\/\\\/hemslojdeniskanesbutik.se\\\/en\\\/#website\",\"url\":\"https:\\\/\\\/hemslojdeniskanesbutik.se\\\/en\\\/\",\"name\":\"Hemsl\u00f6jden i Sk\u00e5nes butik\",\"description\":\"Hemsl\u00f6jden i Sk\u00e5nes butik\",\"publisher\":{\"@id\":\"https:\\\/\\\/hemslojdeniskanesbutik.se\\\/en\\\/#organization\"},\"potentialAction\":[{\"@type\":\"SearchAction\",\"target\":{\"@type\":\"EntryPoint\",\"urlTemplate\":\"https:\\\/\\\/hemslojdeniskanesbutik.se\\\/en\\\/?s={search_term_string}\"},\"query-input\":{\"@type\":\"PropertyValueSpecification\",\"valueRequired\":true,\"valueName\":\"search_term_string\"}}],\"inLanguage\":\"en-US\"},{\"@type\":\"Organization\",\"@id\":\"https:\\\/\\\/hemslojdeniskanesbutik.se\\\/en\\\/#organization\",\"name\":\"Hemsl\u00f6jden i Sk\u00e5nes butik\",\"url\":\"https:\\\/\\\/hemslojdeniskanesbutik.se\\\/en\\\/\",\"logo\":{\"@type\":\"ImageObject\",\"inLanguage\":\"en-US\",\"@id\":\"https:\\\/\\\/hemslojdeniskanesbutik.se\\\/en\\\/#\\\/schema\\\/logo\\\/image\\\/\",\"url\":\"https:\\\/\\\/hemslojdeniskanesbutik.se\\\/wp-content\\\/uploads\\\/2021\\\/03\\\/hemslojden_logotyp_liggande_positiv_farg_rgb_highres.png\",\"contentUrl\":\"https:\\\/\\\/hemslojdeniskanesbutik.se\\\/wp-content\\\/uploads\\\/2021\\\/03\\\/hemslojden_logotyp_liggande_positiv_farg_rgb_highres.png\",\"width\":2737,\"height\":641,\"caption\":\"Hemsl\u00f6jden i Sk\u00e5nes butik\"},\"image\":{\"@id\":\"https:\\\/\\\/hemslojdeniskanesbutik.se\\\/en\\\/#\\\/schema\\\/logo\\\/image\\\/\"},\"sameAs\":[\"http:\\\/\\\/facebook.com\\\/hemslojdenskaneAB\",\"http:\\\/\\\/youtube.com\\\/slojdiskane\",\"https:\\\/\\\/www.instagram.com\\\/hemslojdeniskane\"]}]}<\/script>\n<!-- \/ Yoast SEO plugin. -->","yoast_head_json":{"title":"Purchase conditions - Hemsl\u00f6jden i Sk\u00e5nes butik","robots":{"index":"index","follow":"follow","max-snippet":"max-snippet:-1","max-image-preview":"max-image-preview:large","max-video-preview":"max-video-preview:-1"},"canonical":"https:\/\/hemslojdeniskanesbutik.se\/en\/purchase-conditions\/","og_locale":"en_US","og_type":"article","og_title":"Purchase conditions - Hemsl\u00f6jden i Sk\u00e5nes butik","og_description":"Purchase conditions OrderingAn order confirmation is automatically sent to the email address you provided at checkout. When your order has been packed and is ready to ship, you will receive an additional email from us. Product informationTypographical errors may occur, and items may be sold out. We cannot guarantee that the photographs in our webshop...","og_url":"https:\/\/hemslojdeniskanesbutik.se\/en\/purchase-conditions\/","og_site_name":"Hemsl\u00f6jden i Sk\u00e5nes butik","article_publisher":"http:\/\/facebook.com\/hemslojdenskaneAB","article_modified_time":"2024-10-02T12:30:01+00:00","twitter_card":"summary_large_image","twitter_misc":{"Est. reading time":"2 minutes"},"schema":{"@context":"https:\/\/schema.org","@graph":[{"@type":"WebPage","@id":"https:\/\/hemslojdeniskanesbutik.se\/en\/purchase-conditions\/","url":"https:\/\/hemslojdeniskanesbutik.se\/en\/purchase-conditions\/","name":"Purchase conditions - Hemsl\u00f6jden i Sk\u00e5nes butik","isPartOf":{"@id":"https:\/\/hemslojdeniskanesbutik.se\/en\/#website"},"datePublished":"2017-05-31T05:45:55+00:00","dateModified":"2024-10-02T12:30:01+00:00","breadcrumb":{"@id":"https:\/\/hemslojdeniskanesbutik.se\/en\/purchase-conditions\/#breadcrumb"},"inLanguage":"en-US","potentialAction":[{"@type":"ReadAction","target":["https:\/\/hemslojdeniskanesbutik.se\/en\/purchase-conditions\/"]}]},{"@type":"BreadcrumbList","@id":"https:\/\/hemslojdeniskanesbutik.se\/en\/purchase-conditions\/#breadcrumb","itemListElement":[{"@type":"ListItem","position":1,"name":"Start","item":"https:\/\/hemslojdeniskanesbutik.se\/en\/"},{"@type":"ListItem","position":2,"name":"Purchase conditions"}]},{"@type":"WebSite","@id":"https:\/\/hemslojdeniskanesbutik.se\/en\/#website","url":"https:\/\/hemslojdeniskanesbutik.se\/en\/","name":"Hemsl\u00f6jden i Sk\u00e5nes butik","description":"Hemsl\u00f6jden i Sk\u00e5nes butik","publisher":{"@id":"https:\/\/hemslojdeniskanesbutik.se\/en\/#organization"},"potentialAction":[{"@type":"SearchAction","target":{"@type":"EntryPoint","urlTemplate":"https:\/\/hemslojdeniskanesbutik.se\/en\/?s={search_term_string}"},"query-input":{"@type":"PropertyValueSpecification","valueRequired":true,"valueName":"search_term_string"}}],"inLanguage":"en-US"},{"@type":"Organization","@id":"https:\/\/hemslojdeniskanesbutik.se\/en\/#organization","name":"Hemsl\u00f6jden i Sk\u00e5nes butik","url":"https:\/\/hemslojdeniskanesbutik.se\/en\/","logo":{"@type":"ImageObject","inLanguage":"en-US","@id":"https:\/\/hemslojdeniskanesbutik.se\/en\/#\/schema\/logo\/image\/","url":"https:\/\/hemslojdeniskanesbutik.se\/wp-content\/uploads\/2021\/03\/hemslojden_logotyp_liggande_positiv_farg_rgb_highres.png","contentUrl":"https:\/\/hemslojdeniskanesbutik.se\/wp-content\/uploads\/2021\/03\/hemslojden_logotyp_liggande_positiv_farg_rgb_highres.png","width":2737,"height":641,"caption":"Hemsl\u00f6jden i Sk\u00e5nes butik"},"image":{"@id":"https:\/\/hemslojdeniskanesbutik.se\/en\/#\/schema\/logo\/image\/"},"sameAs":["http:\/\/facebook.com\/hemslojdenskaneAB","http:\/\/youtube.com\/slojdiskane","https:\/\/www.instagram.com\/hemslojdeniskane"]}]}},"taxonomy_info":[],"featured_image_src_large":false,"author_info":{"display_name":"Hemsl\u00f6jdenSk\u00e5ne","author_link":"https:\/\/hemslojdeniskanesbutik.se\/en\/author\/hemslojdenskane-2-2-2\/"},"comment_info":0,"_links":{"self":[{"href":"https:\/\/hemslojdeniskanesbutik.se\/en\/wp-json\/wp\/v2\/pages\/9129","targetHints":{"allow":["GET"]}}],"collection":[{"href":"https:\/\/hemslojdeniskanesbutik.se\/en\/wp-json\/wp\/v2\/pages"}],"about":[{"href":"https:\/\/hemslojdeniskanesbutik.se\/en\/wp-json\/wp\/v2\/types\/page"}],"author":[{"embeddable":true,"href":"https:\/\/hemslojdeniskanesbutik.se\/en\/wp-json\/wp\/v2\/users\/1"}],"replies":[{"embeddable":true,"href":"https:\/\/hemslojdeniskanesbutik.se\/en\/wp-json\/wp\/v2\/comments?post=9129"}],"version-history":[{"count":4,"href":"https:\/\/hemslojdeniskanesbutik.se\/en\/wp-json\/wp\/v2\/pages\/9129\/revisions"}],"predecessor-version":[{"id":11741,"href":"https:\/\/hemslojdeniskanesbutik.se\/en\/wp-json\/wp\/v2\/pages\/9129\/revisions\/11741"}],"wp:attachment":[{"href":"https:\/\/hemslojdeniskanesbutik.se\/en\/wp-json\/wp\/v2\/media?parent=9129"}],"curies":[{"name":"wp","href":"https:\/\/api.w.org\/{rel}","templated":true}]}}